{"id":2652,"date":"2016-02-10T13:29:37","date_gmt":"2016-02-10T12:29:37","guid":{"rendered":"https:\/\/www.fearcon.de\/de\/?page_id=2652"},"modified":"2024-08-26T18:20:32","modified_gmt":"2024-08-26T16:20:32","slug":"impressum","status":"publish","type":"page","link":"https:\/\/www.fearcon.de\/de\/rechtliches\/impressum\/","title":{"rendered":"Impressum"},"content":{"rendered":"<h2><strong><em>FEDCON GmbH<\/em><\/strong><\/h2>\n<p style=\"margin-bottom: 7px;\">Unterfeldweg 3<br \/>\n86199 Augsburg, GER<\/p>\n<p>Gesch\u00e4ftsf\u00fchrer: Dirk Bartholom\u00e4<\/p>\n<p><i class=\"icon-phone\"><\/i> +49 821 2190932<br \/>\n<i class=\"icon-mail\"><\/i> <a href=\"mailto:verwaltung@fedconevents.com\">verwaltung@fedconevents.com<\/a><\/p>\n<p>Eintragung im Handelsregister: Amtsgericht Augsburg, HRB 14266<br \/>\nUmsatzsteuer-Identifikationsnummer gem\u00e4\u00df \u00a7 27a Umsatzsteuergesetz: DE168094041<\/p>\n<p><strong>Bankverbindung:<\/strong><br \/>\nKontoinhaber: <strong><em>FEDCON GmbH<\/em><\/strong>\n<p>Bank: Stadtsparkasse Augsburg<br \/>\nIBAN: DE79 7205 0000 0000 0296 11<br \/>\nBIC\/SWIFT-Code: AUGSDE77XXX<\/p>\n<p>Verantwortlich f\u00fcr den Inhalt nach \u00a7 55 Abs. 2 RStV: Dirk Bartholom\u00e4<\/p>\n<p>Konzept, Design, Programmierung:<br \/>\nstarcontinuum.net by Rafael Cantero Alonso de Medina<\/p>\n<p>Bilddaten, Grafiken:<br \/>\n\n","protected":false},"excerpt":{"rendered":"<p>Unterfeldweg 3 86199 Augsburg, GER Gesch\u00e4ftsf\u00fchrer: Dirk Bartholom\u00e4 +49 821 2190932 verwaltung@fedconevents.com Eintragung im Handelsregister: Amtsgericht Augsburg, HRB 14266 Umsatzsteuer-Identifikationsnummer gem\u00e4\u00df \u00a7 27a Umsatzsteuergesetz: DE168094041 Bankverbindung:<span class=\"excerpt-hellip\"> [\u2026]<\/span><\/p>\n","protected":false},"author":1,"featured_media":0,"parent":2650,"menu_order":0,"comment_status":"closed","ping_status":"closed","template":"","meta":{"footnotes":""},"yoast_head":"<!-- This site is optimized with the Yoast SEO plugin v22.5 - https:\/\/yoast.com\/wordpress\/plugins\/seo\/ -->\n<title>Impressum | FEARCON<\/title>\n<meta name=\"robots\" content=\"noindex, follow\" \/>\n<meta property=\"og:locale\" content=\"de_DE\" \/>\n<meta property=\"og:type\" content=\"article\" \/>\n<meta property=\"og:title\" content=\"Impressum | FEARCON\" \/>\n<meta property=\"og:description\" content=\"Unterfeldweg 3 86199 Augsburg, GER Gesch\u00e4ftsf\u00fchrer: Dirk Bartholom\u00e4 +49 821 2190932 verwaltung@fedconevents.com Eintragung im Handelsregister: Amtsgericht Augsburg, HRB 14266 Umsatzsteuer-Identifikationsnummer gem\u00e4\u00df \u00a7 27a Umsatzsteuergesetz: DE168094041 Bankverbindung: [\u2026]\" \/>\n<meta property=\"og:url\" content=\"https:\/\/www.fearcon.de\/de\/rechtliches\/impressum\/\" \/>\n<meta property=\"og:site_name\" content=\"FEARCON\" \/>\n<meta property=\"article:publisher\" content=\"https:\/\/www.facebook.com\/FearCon\/\" \/>\n<meta property=\"article:modified_time\" content=\"2024-08-26T16:20:32+00:00\" \/>\n<meta name=\"twitter:card\" content=\"summary_large_image\" \/>\n<meta name=\"twitter:label1\" content=\"Gesch\u00e4tzte Lesezeit\" \/>\n\t<meta name=\"twitter:data1\" content=\"1\u00a0Minute\" \/>\n<script type=\"application\/ld+json\" class=\"yoast-schema-graph\">{\"@context\":\"https:\/\/schema.org\",\"@graph\":[{\"@type\":\"WebPage\",\"@id\":\"https:\/\/www.fearcon.de\/de\/rechtliches\/impressum\/\",\"url\":\"https:\/\/www.fearcon.de\/de\/rechtliches\/impressum\/\",\"name\":\"Impressum | FEARCON\",\"isPartOf\":{\"@id\":\"https:\/\/www.fearcon.de\/de\/#website\"},\"datePublished\":\"2016-02-10T12:29:37+00:00\",\"dateModified\":\"2024-08-26T16:20:32+00:00\",\"breadcrumb\":{\"@id\":\"https:\/\/www.fearcon.de\/de\/rechtliches\/impressum\/#breadcrumb\"},\"inLanguage\":\"de\",\"potentialAction\":[{\"@type\":\"ReadAction\",\"target\":[\"https:\/\/www.fearcon.de\/de\/rechtliches\/impressum\/\"]}]},{\"@type\":\"BreadcrumbList\",\"@id\":\"https:\/\/www.fearcon.de\/de\/rechtliches\/impressum\/#breadcrumb\",\"itemListElement\":[{\"@type\":\"ListItem\",\"position\":1,\"name\":\"Home\",\"item\":\"https:\/\/www.fearcon.de\/de\/\"},{\"@type\":\"ListItem\",\"position\":2,\"name\":\"Rechtliches\",\"item\":\"https:\/\/www.fearcon.de\/de\/rechtliches\/\"},{\"@type\":\"ListItem\",\"position\":3,\"name\":\"Impressum\"}]},{\"@type\":\"WebSite\",\"@id\":\"https:\/\/www.fearcon.de\/de\/#website\",\"url\":\"https:\/\/www.fearcon.de\/de\/\",\"name\":\"FEARCON\",\"description\":\"Triff deine Horror Stars\",\"potentialAction\":[{\"@type\":\"SearchAction\",\"target\":{\"@type\":\"EntryPoint\",\"urlTemplate\":\"https:\/\/www.fearcon.de\/de\/?s={search_term_string}\"},\"query-input\":\"required name=search_term_string\"}],\"inLanguage\":\"de\"}]}<\/script>\n<!-- \/ Yoast SEO plugin. -->","yoast_head_json":{"title":"Impressum | FEARCON","robots":{"index":"noindex","follow":"follow"},"og_locale":"de_DE","og_type":"article","og_title":"Impressum | FEARCON","og_description":"Unterfeldweg 3 86199 Augsburg, GER Gesch\u00e4ftsf\u00fchrer: Dirk Bartholom\u00e4 +49 821 2190932 verwaltung@fedconevents.com Eintragung im Handelsregister: Amtsgericht Augsburg, HRB 14266 Umsatzsteuer-Identifikationsnummer gem\u00e4\u00df \u00a7 27a Umsatzsteuergesetz: DE168094041 Bankverbindung: [\u2026]","og_url":"https:\/\/www.fearcon.de\/de\/rechtliches\/impressum\/","og_site_name":"FEARCON","article_publisher":"https:\/\/www.facebook.com\/FearCon\/","article_modified_time":"2024-08-26T16:20:32+00:00","twitter_card":"summary_large_image","twitter_misc":{"Gesch\u00e4tzte Lesezeit":"1\u00a0Minute"},"schema":{"@context":"https:\/\/schema.org","@graph":[{"@type":"WebPage","@id":"https:\/\/www.fearcon.de\/de\/rechtliches\/impressum\/","url":"https:\/\/www.fearcon.de\/de\/rechtliches\/impressum\/","name":"Impressum | FEARCON","isPartOf":{"@id":"https:\/\/www.fearcon.de\/de\/#website"},"datePublished":"2016-02-10T12:29:37+00:00","dateModified":"2024-08-26T16:20:32+00:00","breadcrumb":{"@id":"https:\/\/www.fearcon.de\/de\/rechtliches\/impressum\/#breadcrumb"},"inLanguage":"de","potentialAction":[{"@type":"ReadAction","target":["https:\/\/www.fearcon.de\/de\/rechtliches\/impressum\/"]}]},{"@type":"BreadcrumbList","@id":"https:\/\/www.fearcon.de\/de\/rechtliches\/impressum\/#breadcrumb","itemListElement":[{"@type":"ListItem","position":1,"name":"Home","item":"https:\/\/www.fearcon.de\/de\/"},{"@type":"ListItem","position":2,"name":"Rechtliches","item":"https:\/\/www.fearcon.de\/de\/rechtliches\/"},{"@type":"ListItem","position":3,"name":"Impressum"}]},{"@type":"WebSite","@id":"https:\/\/www.fearcon.de\/de\/#website","url":"https:\/\/www.fearcon.de\/de\/","name":"FEARCON","description":"Triff deine Horror Stars","potentialAction":[{"@type":"SearchAction","target":{"@type":"EntryPoint","urlTemplate":"https:\/\/www.fearcon.de\/de\/?s={search_term_string}"},"query-input":"required name=search_term_string"}],"inLanguage":"de"}]}},"_links":{"self":[{"href":"https:\/\/www.fearcon.de\/de\/wp-json\/wp\/v2\/pages\/2652"}],"collection":[{"href":"https:\/\/www.fearcon.de\/de\/wp-json\/wp\/v2\/pages"}],"about":[{"href":"https:\/\/www.fearcon.de\/de\/wp-json\/wp\/v2\/types\/page"}],"author":[{"embeddable":true,"href":"https:\/\/www.fearcon.de\/de\/wp-json\/wp\/v2\/users\/1"}],"replies":[{"embeddable":true,"href":"https:\/\/www.fearcon.de\/de\/wp-json\/wp\/v2\/comments?post=2652"}],"version-history":[{"count":6,"href":"https:\/\/www.fearcon.de\/de\/wp-json\/wp\/v2\/pages\/2652\/revisions"}],"predecessor-version":[{"id":11989,"href":"https:\/\/www.fearcon.de\/de\/wp-json\/wp\/v2\/pages\/2652\/revisions\/11989"}],"up":[{"embeddable":true,"href":"https:\/\/www.fearcon.de\/de\/wp-json\/wp\/v2\/pages\/2650"}],"wp:attachment":[{"href":"https:\/\/www.fearcon.de\/de\/wp-json\/wp\/v2\/media?parent=2652"}],"curies":[{"name":"wp","href":"https:\/\/api.w.org\/{rel}","templated":true}]}}