{"id":2655,"date":"2016-02-10T13:32:46","date_gmt":"2016-02-10T12:32:46","guid":{"rendered":"https:\/\/www.fearcon.de\/de\/?page_id=2655"},"modified":"2018-05-25T09:56:11","modified_gmt":"2018-05-25T07:56:11","slug":"nutzungsbedingungen-der-webseite","status":"publish","type":"page","link":"https:\/\/www.fearcon.de\/de\/rechtliches\/nutzungsbedingungen-der-webseite\/","title":{"rendered":"Nutzungsbedingungen der Webseite"},"content":{"rendered":"<h2>1. Informationen zum Urheberrecht<\/h2>\n<p>Ein <em>Kunstwerk<\/em> wird automatisch ab dem Moment seiner Entstehung gesch\u00fctzt. Die Bilder und Texte, die in und auf dieser Website angezeigt werden, alle Bilder, die wir erstellt haben, jeder Text, alle Grafiken und das gesamte Layout und die Struktur sind und bleiben das Eigentum der <em><strong>FEDCON GmbH<\/strong><\/em>, der Copyrightinhaber, deren Erben und Rechtsnachfolger. Alle Verst\u00f6\u00dfe werden nach dem Gesetz verfolgt. Alle Bilder auf dieser Website sind gesetzlich gesch\u00fctzt und jede Verwendung bedarf der vorherigen schriftlichen Erlaubnis von den Vertretern der <em><strong>FEDCON GmbH<\/strong><\/em>.<\/p>\n<p>Wenn nicht ausdr\u00fccklich anderweitig in dieser Publikation zu verstehen gegeben, und zwar in Zusammenhang mit einem bestimmten Ausschnitt, einer Datei, oder einem Dokument, ist jedermann dazu berechtigt, dieses Dokument anzusehen, zu kopieren, zu drucken und zu verteilen, unter den folgenden Bedingungen:<\/p>\n<p>Das Dokument darf nur f\u00fcr nichtkommerzielle Informationszwecke genutzt werden. Jede Kopie dieses Dokuments oder eines Teils davon muss diese urheberrechtliche Erkl\u00e4rung und das urheberrechtliche Schutzzeichen des Betreibers enthalten. Das Dokument, jede Kopie des Dokuments oder eines Teils davon d\u00fcrfen nicht ohne schriftliche Zustimmung des Betreibers ver\u00e4ndert werden. Der Betreiber beh\u00e4lt sich das Recht vor, diese Genehmigung jederzeit zu widerrufen, und jede Nutzung muss sofort eingestellt werden, sobald eine schriftliche Bekanntmachung seitens des Betreibers ver\u00f6ffentlicht wird.<\/p>\n<p><\/p>\n<h2>2. Bedingungen<\/h2>\n<p>Mit dem Zugriff auf diese Website erkl\u00e4ren Sie sich durch diese <em>Nutzungsbedingungen der Webseite<\/em> einverstanden, an alle geltenden Gesetze und Vorschriften gebunden zu sein, und stimmen zu, dass Sie verantwortlich f\u00fcr die Einhaltung aller geltenden lokalen Gesetze sind. Wenn Sie einer dieser Bedingungen nicht zustimmen, ist Ihnen die Nutzung oder der Zugriff auf diese Website untersagt. Die Inhalte auf dieser Website sind durch das geltende Urheberrecht und Markenrecht gesch\u00fctzt.<\/p>\n<p><\/p>\n<h2>3. Nutzungsrecht<\/h2>\n<p>Wenn nicht ausdr\u00fccklich anderweitig auf dieser Webseite zu verstehen gegeben, und zwar in Zusammenhang mit einem bestimmten Ausschnitt, einer Datei, oder einem Dokument, ist jedermann dazu berechtigt, diese Webseite anzusehen, zu drucken und zu verteilen, unter den folgenden Bedingungen:<\/p>\n<ol>\n<li>Die Inhalte dieser Webseite d\u00fcrfen nur f\u00fcr nichtkommerzielle Informationszwecke genutzt werden.<\/li>\n<li>Die Inhalte dieser Webseite, jede Kopie der Inhalte oder eines Teils davon d\u00fcrfen nicht ohne schriftliche Zustimmung des Betreibers ver\u00e4ndert werden.<\/li>\n<li>Jede Kopie der Inhalte dieser Webseite oder eines Teils davon muss diese urheberrechtliche Erkl\u00e4rung und das urheberrechtliche Schutzzeichen des Betreibers enthalten.<\/li>\n<li>Das Entfernen des Copyrights oder anderen gesch\u00fctzten Bezeichnungen ist nicht gestattet.<\/li>\n<\/ol>\n<p>Diese Lizenz endet automatisch, wenn Sie eine dieser Beschr\u00e4nkungen verletzen und kann durch die <em><strong>FEDCON GmbH<\/strong><\/em> jederzeit gek\u00fcndigt werden. Der Betreiber beh\u00e4lt sich ebenfalls das Recht vor, diese Genehmigung jederzeit zu widerrufen, und jede Nutzung muss sofort eingestellt werden, sobald eine schriftliche Bekanntmachung seitens des Betreibers ver\u00f6ffentlicht wird. Mit der Beendigung dieser Lizenz m\u00fcssen Sie alle heruntergeladenen Inhalte in Ihrem Besitz vernichten, ob in elektronischer oder gedruckter Form.<\/p>\n<p><\/p>\n<h2>4. Vertragliche Zusicherungen und Verzichterkl\u00e4rungen<\/h2>\n<p>Die Website <em><strong>https:\/\/www.fearcon.de<\/strong><\/em> steht Ihnen &#8211; soweit nicht anders vereinbart &#8211; kostenlos zur Verf\u00fcgung. Die Betreiber \u00fcbernehmen keinerlei Gew\u00e4hr f\u00fcr Richtigkeit der enthaltenen Informationen, Verf\u00fcgbarkeit der Dienste, Verlust von auf der Webseite abgespeicherten Daten oder Nutzbarkeit f\u00fcr irgendeinen bestimmten Zweck.<\/p>\n<p>Die Betreiber haften auch nicht f\u00fcr Folgesch\u00e4den, die auf einer Nutzung des Angebotes beruhen.<\/p>\n<p>Soweit ein Haftungsausschluss nicht in Betracht kommt, haften die Betreiber lediglich f\u00fcr grobe Fahrl\u00e4ssigkeit und Vorsatz. Produkt- und Firmennamen sind Marken der jeweiligen Eigent\u00fcmer und werden auf diesen Seiten ausschlie\u00dflich zu Informationszwecken eingesetzt.<\/p>\n<p>Diese Publikation k\u00f6nnte technische oder andere Ungenauigkeiten enthalten oder Schreib-\/Tippfehler. Von Zeit zu Zeit werden der vorliegenden Information \u00c4nderungen hinzugef\u00fcgt; diese \u00c4nderungen werden in neuen Ausgaben der Publikation eingef\u00fcgt. Der Betreiber kann jederzeit Verbesserungen und\/oder Ver\u00e4nderungen an den Angeboten vornehmen, die in dieser Publikation beschrieben werden.<\/p>\n<p><\/p>\n<h2>5. Meinungs\u00e4u\u00dferungen bei Kommentaren und im Forum<\/h2>\n<p>Aufgrund der sich st\u00e4ndig ver\u00e4ndernden Inhalte bei Kommentaren und im Forum ist es dem Betreiber nicht m\u00f6glich, alle Beitr\u00e4ge l\u00fcckenlos zu sichten, inhaltlich zu pr\u00fcfen und die unmittelbare aktive Kontrolle dar\u00fcber auszu\u00fcben. Es wird keine Verantwortung f\u00fcr den Inhalt, die Korrektheit und die Form der eingestellten Beitr\u00e4ge \u00fcbernommen.<\/p>\n<p>Benutzer, die sich an Diskussionsforen und Kommentaren beteiligen, verpflichten sich dazu,<\/p>\n<ul>\n<li>Sich in Ihren Beitr\u00e4gen jeglicher Beleidigungen, strafbarer Inhalte, Pornographie und grober Ausdrucksweise zu enthalten,<\/li>\n<li>Die alleinige Verantwortung f\u00fcr die von ihnen eingestellten Inhalte zu tragen, Rechte Dritter (insbesondere Marken-, Urheber- und Pers\u00f6nlichkeitsrechte) nicht zu verletzen und die Betreiber der Webseite <em><strong>https:\/\/www.fearcon.de<\/strong><\/em> von durch ihre Beitr\u00e4ge ausgel\u00f6sten Anspr\u00fcchen Dritter vollst\u00e4ndig freizustellen.<\/li>\n<li>Weder in Foren noch in Kommentaren Werbung irgendwelcher Art einzustellen oder Foren und Kommentare zu irgendeiner Art gewerblicher T\u00e4tigkeit zu nutzen. Insbesondere gilt das f\u00fcr die Ver\u00f6ffentlichung von \u00bb0900\u00ab-Rufnummern zu irgendeinem Zweck.<\/li>\n<\/ul>\n<p>Es besteht keinerlei Anspruch auf Ver\u00f6ffentlichung von eingereichten Kommentaren oder Forenbeitr\u00e4gen. Die Betreiber der Webseite <em><strong>https:\/\/www.fearcon.de<\/strong><\/em> behalten sich vor, Kommentare und Forenbeitr\u00e4ge nach eigenem Ermessen zu editieren oder zu l\u00f6schen. Bei Verletzungen der o.g. Pflichten behalten sich die Betreiber ferner vor, den User zu sperren oder dauernd zu l\u00f6schen.<\/p>\n<p><\/p>\n<h2>6. Erkl\u00e4rung zum Datenschutz<\/h2>\n<p>Sofern innerhalb des Internetangebotes die M\u00f6glichkeit zur Eingabe pers\u00f6nlicher oder gesch\u00e4ftlicher Daten genutzt wird, so erfolgt die Preisgabe dieser Daten seitens des Nutzers auf ausdr\u00fccklich freiwilliger Basis. Die Inanspruchnahme unseres Dienstes ist &#8211; soweit technisch m\u00f6glich und zumutbar &#8211; auch ohne Angabe solcher Daten bzw. unter Angabe anonymisierter Daten oder eines Pseudonyms gestattet. Weitere wichtige Informationen zum Thema Datenschutz finden sich in unserer <a href=\"\/de\/rechtliches\/datenschutz\" class=\"rc-linkint\">Datenschutzerkl\u00e4rung<\/a>.<\/p>\n<p><\/p>\n<h2>7. Registrierung und Passwort<\/h2>\n<p>Sofern innerhalb des Internetangebotes die M\u00f6glichkeit zur Registrierung besteht, ist der Benutzer verpflichtet, die Kombination Benutzername\/Passwort vertraulich zu behandeln und nicht an Dritte weiterzugeben. Bei Verdacht auf Missbrauch der Zugangsdaten ist der Betreiber zu informieren.<\/p>\n<p><\/p>\n<h2>8. Hinweis gem\u00e4\u00df Teledienstgesetz<\/h2>\n<p>F\u00fcr Internetseiten Dritter, auf die die dieses Angebot durch sog. Links verweist, tragen die jeweiligen Anbieter die Verantwortung. Der Betreiber ist f\u00fcr den Inhalt solcher Seiten Dritter nicht verantwortlich. Des Weiteren kann die Web-Seite ohne unser Wissen von anderen Seiten mittels sog. Links verlinkt werden. Der Betreiber \u00fcbernimmt keine Verantwortung f\u00fcr Darstellungen, Inhalt oder irgendeine Verbindung zu dieser Web-Seite in Web-Seiten Dritter. F\u00fcr fremde Inhalte ist der Betreiber nur dann verantwortlich, wenn von ihnen (d.h. auch von einem rechtswidrigen oder strafbaren Inhalt) positive Kenntnis vorliegt und es technisch m\u00f6glich und zumutbar ist, deren Nutzung zu verhindern. Der Betreiber ist nach dem Teledienstgesetz jedoch nicht verpflichtet, die fremden Inhalte st\u00e4ndig zu \u00fcberpr\u00fcfen.<\/p>\n<p><\/p>\n<h2>9. Modifikation der Nutzungsbedingungen<\/h2>\n<p>Die <em><strong>FEDCON GmbH<\/strong><\/em> kann diese <em>Nutzungsbedingungen f\u00fcr die Website<\/em> jederzeit ohne vorherige Ank\u00fcndigung \u00fcberarbeiten. Durch die Nutzung dieser Website erkl\u00e4ren Sie sich durch die dann aktuelle Version dieser Nutzungsbedingungen gebunden zu sein.<\/p>\n<p><\/p>\n<h2>10. Nutzung von Kontaktdaten<\/h2>\n<p>Wir verbieten die Nutzung von allen ver\u00f6ffentlichten Kontaktdaten durch Dritte zur \u00dcbersendung von nicht ausdr\u00fccklich angeforderter Werbung. Die Betreiber der Seiten behalten sich ausdr\u00fccklich rechtliche Schritte im Falle der unverlangten Zusendung von E-Mail, Spam und anderen Werbeinformationen.<\/p>\n<p><\/p>\n<h2>11. Rechtswirksamkeit<\/h2>\n<p>Diese Allgemeinen Nutzungsbedingungen beziehen sich auf die Webseite <em><strong>https:\/\/www.fearcon.de<\/strong><\/em>. Sofern Teile oder einzelne Formulierungen dieses Textes der geltenden Rechtslage nicht, nicht mehr oder nicht vollst\u00e4ndig entsprechen sollten, bleiben die \u00fcbrigen Teile des Dokumentes in ihrem Inhalt und ihrer G\u00fcltigkeit davon unber\u00fchrt.<\/p>\n<p><small>Stand 12-2016<\/small><\/p>\n","protected":false},"excerpt":{"rendered":"<p>1. Informationen zum Urheberrecht Ein Kunstwerk wird automatisch ab dem Moment seiner Entstehung gesch\u00fctzt. Die Bilder und Texte, die in und auf dieser Website angezeigt werden,<span class=\"excerpt-hellip\"> [\u2026]<\/span><\/p>\n","protected":false},"author":1,"featured_media":0,"parent":2650,"menu_order":0,"comment_status":"closed","ping_status":"closed","template":"","meta":{"footnotes":""},"yoast_head":"<!-- This site is optimized with the Yoast SEO plugin v22.5 - https:\/\/yoast.com\/wordpress\/plugins\/seo\/ -->\n<title>Nutzungsbedingungen der Webseite | FEARCON<\/title>\n<meta name=\"robots\" content=\"noindex, follow\" \/>\n<meta property=\"og:locale\" content=\"de_DE\" \/>\n<meta property=\"og:type\" content=\"article\" \/>\n<meta property=\"og:title\" content=\"Nutzungsbedingungen der Webseite | FEARCON\" \/>\n<meta property=\"og:description\" content=\"1. Informationen zum Urheberrecht Ein Kunstwerk wird automatisch ab dem Moment seiner Entstehung gesch\u00fctzt. Die Bilder und Texte, die in und auf dieser Website angezeigt werden, [\u2026]\" \/>\n<meta property=\"og:url\" content=\"https:\/\/www.fearcon.de\/de\/rechtliches\/nutzungsbedingungen-der-webseite\/\" \/>\n<meta property=\"og:site_name\" content=\"FEARCON\" \/>\n<meta property=\"article:publisher\" content=\"https:\/\/www.facebook.com\/FearCon\/\" \/>\n<meta property=\"article:modified_time\" content=\"2018-05-25T07:56:11+00:00\" \/>\n<meta name=\"twitter:card\" content=\"summary_large_image\" \/>\n<meta name=\"twitter:label1\" content=\"Gesch\u00e4tzte Lesezeit\" \/>\n\t<meta name=\"twitter:data1\" content=\"6\u00a0Minuten\" \/>\n<script type=\"application\/ld+json\" class=\"yoast-schema-graph\">{\"@context\":\"https:\/\/schema.org\",\"@graph\":[{\"@type\":\"WebPage\",\"@id\":\"https:\/\/www.fearcon.de\/de\/rechtliches\/nutzungsbedingungen-der-webseite\/\",\"url\":\"https:\/\/www.fearcon.de\/de\/rechtliches\/nutzungsbedingungen-der-webseite\/\",\"name\":\"Nutzungsbedingungen der Webseite | FEARCON\",\"isPartOf\":{\"@id\":\"https:\/\/www.fearcon.de\/de\/#website\"},\"datePublished\":\"2016-02-10T12:32:46+00:00\",\"dateModified\":\"2018-05-25T07:56:11+00:00\",\"breadcrumb\":{\"@id\":\"https:\/\/www.fearcon.de\/de\/rechtliches\/nutzungsbedingungen-der-webseite\/#breadcrumb\"},\"inLanguage\":\"de\",\"potentialAction\":[{\"@type\":\"ReadAction\",\"target\":[\"https:\/\/www.fearcon.de\/de\/rechtliches\/nutzungsbedingungen-der-webseite\/\"]}]},{\"@type\":\"BreadcrumbList\",\"@id\":\"https:\/\/www.fearcon.de\/de\/rechtliches\/nutzungsbedingungen-der-webseite\/#breadcrumb\",\"itemListElement\":[{\"@type\":\"ListItem\",\"position\":1,\"name\":\"Home\",\"item\":\"https:\/\/www.fearcon.de\/de\/\"},{\"@type\":\"ListItem\",\"position\":2,\"name\":\"Rechtliches\",\"item\":\"https:\/\/www.fearcon.de\/de\/rechtliches\/\"},{\"@type\":\"ListItem\",\"position\":3,\"name\":\"Nutzungsbedingungen der Webseite\"}]},{\"@type\":\"WebSite\",\"@id\":\"https:\/\/www.fearcon.de\/de\/#website\",\"url\":\"https:\/\/www.fearcon.de\/de\/\",\"name\":\"FEARCON\",\"description\":\"Triff deine Horror Stars\",\"potentialAction\":[{\"@type\":\"SearchAction\",\"target\":{\"@type\":\"EntryPoint\",\"urlTemplate\":\"https:\/\/www.fearcon.de\/de\/?s={search_term_string}\"},\"query-input\":\"required name=search_term_string\"}],\"inLanguage\":\"de\"}]}<\/script>\n<!-- \/ Yoast SEO plugin. -->","yoast_head_json":{"title":"Nutzungsbedingungen der Webseite | FEARCON","robots":{"index":"noindex","follow":"follow"},"og_locale":"de_DE","og_type":"article","og_title":"Nutzungsbedingungen der Webseite | FEARCON","og_description":"1. Informationen zum Urheberrecht Ein Kunstwerk wird automatisch ab dem Moment seiner Entstehung gesch\u00fctzt. Die Bilder und Texte, die in und auf dieser Website angezeigt werden, [\u2026]","og_url":"https:\/\/www.fearcon.de\/de\/rechtliches\/nutzungsbedingungen-der-webseite\/","og_site_name":"FEARCON","article_publisher":"https:\/\/www.facebook.com\/FearCon\/","article_modified_time":"2018-05-25T07:56:11+00:00","twitter_card":"summary_large_image","twitter_misc":{"Gesch\u00e4tzte Lesezeit":"6\u00a0Minuten"},"schema":{"@context":"https:\/\/schema.org","@graph":[{"@type":"WebPage","@id":"https:\/\/www.fearcon.de\/de\/rechtliches\/nutzungsbedingungen-der-webseite\/","url":"https:\/\/www.fearcon.de\/de\/rechtliches\/nutzungsbedingungen-der-webseite\/","name":"Nutzungsbedingungen der Webseite | FEARCON","isPartOf":{"@id":"https:\/\/www.fearcon.de\/de\/#website"},"datePublished":"2016-02-10T12:32:46+00:00","dateModified":"2018-05-25T07:56:11+00:00","breadcrumb":{"@id":"https:\/\/www.fearcon.de\/de\/rechtliches\/nutzungsbedingungen-der-webseite\/#breadcrumb"},"inLanguage":"de","potentialAction":[{"@type":"ReadAction","target":["https:\/\/www.fearcon.de\/de\/rechtliches\/nutzungsbedingungen-der-webseite\/"]}]},{"@type":"BreadcrumbList","@id":"https:\/\/www.fearcon.de\/de\/rechtliches\/nutzungsbedingungen-der-webseite\/#breadcrumb","itemListElement":[{"@type":"ListItem","position":1,"name":"Home","item":"https:\/\/www.fearcon.de\/de\/"},{"@type":"ListItem","position":2,"name":"Rechtliches","item":"https:\/\/www.fearcon.de\/de\/rechtliches\/"},{"@type":"ListItem","position":3,"name":"Nutzungsbedingungen der Webseite"}]},{"@type":"WebSite","@id":"https:\/\/www.fearcon.de\/de\/#website","url":"https:\/\/www.fearcon.de\/de\/","name":"FEARCON","description":"Triff deine Horror Stars","potentialAction":[{"@type":"SearchAction","target":{"@type":"EntryPoint","urlTemplate":"https:\/\/www.fearcon.de\/de\/?s={search_term_string}"},"query-input":"required name=search_term_string"}],"inLanguage":"de"}]}},"_links":{"self":[{"href":"https:\/\/www.fearcon.de\/de\/wp-json\/wp\/v2\/pages\/2655"}],"collection":[{"href":"https:\/\/www.fearcon.de\/de\/wp-json\/wp\/v2\/pages"}],"about":[{"href":"https:\/\/www.fearcon.de\/de\/wp-json\/wp\/v2\/types\/page"}],"author":[{"embeddable":true,"href":"https:\/\/www.fearcon.de\/de\/wp-json\/wp\/v2\/users\/1"}],"replies":[{"embeddable":true,"href":"https:\/\/www.fearcon.de\/de\/wp-json\/wp\/v2\/comments?post=2655"}],"version-history":[{"count":4,"href":"https:\/\/www.fearcon.de\/de\/wp-json\/wp\/v2\/pages\/2655\/revisions"}],"predecessor-version":[{"id":6353,"href":"https:\/\/www.fearcon.de\/de\/wp-json\/wp\/v2\/pages\/2655\/revisions\/6353"}],"up":[{"embeddable":true,"href":"https:\/\/www.fearcon.de\/de\/wp-json\/wp\/v2\/pages\/2650"}],"wp:attachment":[{"href":"https:\/\/www.fearcon.de\/de\/wp-json\/wp\/v2\/media?parent=2655"}],"curies":[{"name":"wp","href":"https:\/\/api.w.org\/{rel}","templated":true}]}}