{"id":2658,"date":"2016-02-10T13:34:00","date_gmt":"2016-02-10T12:34:00","guid":{"rendered":"https:\/\/www.fearcon.de\/de\/?page_id=2658"},"modified":"2022-08-19T11:29:04","modified_gmt":"2022-08-19T09:29:04","slug":"allgemeine-geschaeftsbedingungen","status":"publish","type":"page","link":"https:\/\/www.fearcon.de\/de\/rechtliches\/allgemeine-geschaeftsbedingungen\/","title":{"rendered":"Allgemeine Gesch\u00e4ftsbedingungen"},"content":{"rendered":"<h2>1. Vertrag<\/h2>\n<p>1.1. Der Bestellvorgang durch den Kunden stellt lediglich ein Angebot auf Abschluss eines Vertragsverh\u00e4ltnisses dar. Das Vertragsverh\u00e4ltnis mit der <strong><em>FEDCON GmbH<\/em><\/strong> wird erst durch Zusendung einer Anmeldebest\u00e4tigung durch den Veranstalter begr\u00fcndet.<\/p>\n<p>1.2 Eintrittskarten (Tickets) sind auf den Besteller personalisiert. Eine Stornierung oder R\u00fcckgabe der Eintrittskarte ist nicht m\u00f6glich. Der Teilnehmer ist berechtigt seine Eintrittskarte an Dritte zu \u00fcbertragen, die \u00dcbertragung ist nur wirksam, wenn sie durch den Veranstalter vorgenommen wurde. F\u00fcr jede \u00dcbertragung wird eine Umschreibegeb\u00fchr in H\u00f6he von Euro 25,\u2013 f\u00e4llig. Hat der K\u00e4ufer neben der Eintrittskarte weitere Pakete wie Hotelzimmer und \/ oder Essenspaket und\/oder Autogrammgutscheine erworben, ist die \u00dcbertragung nur m\u00f6glich, wenn alle erworbenen Pakete an dieselbe Person \u00fcbertragen werden.<\/p>\n<p>1.3. Ein Zimmerpartner f\u00fcr Hotelzimmer wird vom Veranstalter zugewiesen, wenn beide Personen die identische Zeit und Anzahl an Tagen im Hotel gebucht haben. Sollte eine Person eine zus\u00e4tzliche (abweichende) \u00dcbernachtungszeit buchen, wird f\u00fcr diese zus\u00e4tzliche Zeit ein Einzelzimmerzuschlag f\u00e4llig. Eine Stornierung der gebuchten Hotelzimmer \u00fcber die <strong><em>FEDCON GmbH<\/em><\/strong> ist bis 16 Wochen vor der Convention kostenlos m\u00f6glich. Bei Stornierungen zwischen der sechzehnten Woche und der achten Woche vor Veranstaltung wird eine Stornierungspauschale von 50,\u2013 Euro pro Person f\u00e4llig. Bei Stornierungen zwischen der achten und der letzten Woche vor Veranstaltung sind 90% des Bruttopreises f\u00e4llig, innerhalb der Veranstaltungswoche ist eine Stornierung nicht mehr m\u00f6glich, somit sind 100% des Bruttobetrages f\u00e4llig. \u00c4nderungen und Stornierungen sind ausschlie\u00dflich und schriftlich an die <strong><em>FEDCON GmbH<\/em><\/strong> zu richten.<\/p>\n<p>&nbsp;<\/p>\n<h2>2. Veranstaltung<\/h2>\n<p>2.1. Der Veranstalter beh\u00e4lt sich \u00c4nderungen im Ablauf der Veranstaltung vor. Programmabl\u00e4ufe, die im Vorfeld der Veranstaltung angek\u00fcndigt werden, sind unverbindlich. Der Veranstalter kann den Programmablauf jederzeit auch kurzfristig \u00e4ndern, ohne dass sich hieraus Anspr\u00fcche f\u00fcr den Besucher ergeben.<\/p>\n<p>2.2. Der Veranstalter garantiert nicht f\u00fcr das Erscheinen eines bestimmten Gaststars. Die Vertr\u00e4ge mit angek\u00fcndigten Schauspielern k\u00f6nnen durch den Schauspieler jederzeit gek\u00fcndigt werden, ohne dass der Veranstalter hierauf Einfluss nehmen kann. F\u00fcr den Fall des Fernbleibens eines angek\u00fcndigten Gaststars sorgt der Veranstalter nach M\u00f6glichkeit f\u00fcr Ersatz, eine Verpflichtung des Veranstalters hierzu besteht nicht.<\/p>\n<p>2.3. Manche Veranstaltungen sowie Vortr\u00e4ge von Gaststars finden in englischer Sprache statt. Der Veranstalter ist nicht verpflichtet, f\u00fcr diese Vortr\u00e4ge deutsche \u00dcbersetzungen zu liefern.<\/p>\n<p>2.4. Der Besucher erkl\u00e4rt sich damit einverstanden, dass er w\u00e4hrend der Veranstaltung gefilmt und fotografiert werden kann und diese Aufnahmen sowohl im \u00f6ffentlichen Fernsehen als auch im Rahmen privat produzierter Filme bzw. Print- und Online-Berichten verwendet werden k\u00f6nnen.<\/p>\n<p>2.5. Ist der Veranstalter infolge h\u00f6herer Gewalt oder aus anderen von ihm nicht zu vertretenden Gr\u00fcnden gezwungen, das Event oder Teile davon vor\u00fcbergehend oder auf Dauer zu r\u00e4umen, die Veranstaltung zu verschieben, zu verk\u00fcrzen oder zu verl\u00e4ngern, so k\u00f6nnen hieraus keine Rechte, insbesondere keine Anspr\u00fcche auf Schadensersatz gegen den Veranstalter hergeleitet werden.<\/p>\n<p>&nbsp;<\/p>\n<h2>3. Sicherheit<\/h2>\n<p>3.1. Den Anweisungen des Aufsichtspersonals ist immer Folge zu leisten. Das Aufsichtspersonal ist berechtigt, w\u00e4hrend der Veranstaltung Taschenkontrollen durchzuf\u00fchren.<\/p>\n<p>3.2. Das Mitbringen von Waffen, pyrotechnischen oder anderen gef\u00e4hrlichen Gegenst\u00e4nden ist untersagt. Dies schlie\u00dft auch Gegenst\u00e4nde ein, die Teil eines Kost\u00fcms sind. Teile eines Kost\u00fcms, die geeignet sind andere Personen zu verletzen, sind beim Einlass dem Sicherheitspersonal vorzuzeigen.<\/p>\n<p>3.3. Werbung jeglicher Art auf der Veranstaltung ist nur mit schriftlicher Genehmigung des Veranstalters gestattet.<\/p>\n<p>&nbsp;<\/p>\n<h2>4. Haftung<\/h2>\n<p>4.1. Der Veranstalter haftet f\u00fcr vors\u00e4tzlich oder grob fahrl\u00e4ssig verursachte Sch\u00e4den sowie f\u00fcr Sch\u00e4den aus der Verletzung des Lebens, des K\u00f6rpers oder der Gesundheit.<br \/>\nBei Verletzung wesentlicher Vertragspflichten (sog. Kardinalpflichten), die nur auf einfacher Fahrl\u00e4ssigkeit beruht, haftet der Veranstalter beschr\u00e4nkt auf den Ersatz des vorhersehbaren, vertragstypischen Schadens.<br \/>\nAu\u00dfer in den vorgenannten F\u00e4llen haftet der Veranstalter nicht f\u00fcr Sch\u00e4den, die durch einfache Fahrl\u00e4ssigkeit verursacht wurden.<br \/>\nSoweit die Haftung des Veranstalters nach den vorstehenden Abs\u00e4tzen ausgeschlossen oder beschr\u00e4nkt ist, gilt dies auch f\u00fcr die Haftung seiner Erf\u00fcllungs- und Verrichtungsgehilfen.<\/p>\n<p>4.2. Der Veranstalter erstattet f\u00fcr verlorengegangene Gutscheine keinen Ersatz.<\/p>\n<p>&nbsp;<\/p>\n<h2>5. Audiovisuelle Aufzeichnungen<\/h2>\n<p>5.1. Audiovisuelle Aufzeichnungen im Sinne dieser AGB sind w\u00e4hrend der Veranstaltung angefertigte Ton- und Bildaufnahmen, die auf geeigneten Bild- und Tontr\u00e4gern wieder abgespielt und\/oder vervielf\u00e4ltigt werden k\u00f6nnen. Fotos gelten nicht als audiovisuelle Aufzeichnungen.<\/p>\n<p>5.2. Das Anfertigen audiovisueller Aufzeichnungen in den Vortragsr\u00e4umen der Veranstaltung ist grunds\u00e4tzlich verboten. Bei Versto\u00df gegen dieses Verbot erfolgt der Verweis von der Veranstaltung. Der Veranstalter beh\u00e4lt sich die Geltendmachung von Schadensersatzanspr\u00fcchen vor.<\/p>\n<p>5.3. Die Verwendung audiovisueller Aufzeichnungen zu gewerblichen oder kommerziellen Zwecken ist nur mit vorheriger schriftlicher Genehmigung des Veranstalters zul\u00e4ssig.<\/p>\n<p>&nbsp;<\/p>\n<h2>6. Sonstiges<\/h2>\n<p>Die Ung\u00fcltigkeit einzelner Bestimmungen ber\u00fchrt nicht die G\u00fcltigkeit der gesamten allgemeinen Gesch\u00e4ftsbedingungen. Ung\u00fcltige Bestimmungen gelten als ersetzt durch g\u00fcltige Regelungen, die wirtschaftlich der jeweils ung\u00fcltigen Bestimmung am n\u00e4chsten kommen.<\/p>\n<p>&nbsp;<\/p>\n<p>Es gilt ausschlie\u00dflich das Recht der Bundesrepublik Deutschland.<br \/>\n<small>Stand 08\/2022<\/small><\/p>\n","protected":false},"excerpt":{"rendered":"<p>1. Vertrag 1.1. Der Bestellvorgang durch den Kunden stellt lediglich ein Angebot auf Abschluss eines Vertragsverh\u00e4ltnisses dar. Das Vertragsverh\u00e4ltnis mit der wird erst durch Zusendung einer<span class=\"excerpt-hellip\"> [\u2026]<\/span><\/p>\n","protected":false},"author":1,"featured_media":0,"parent":2650,"menu_order":0,"comment_status":"closed","ping_status":"closed","template":"","meta":{"footnotes":""},"yoast_head":"<!-- This site is optimized with the Yoast SEO plugin v22.5 - https:\/\/yoast.com\/wordpress\/plugins\/seo\/ -->\n<title>Allgemeine Gesch\u00e4ftsbedingungen | FEARCON<\/title>\n<meta name=\"robots\" content=\"noindex, follow\" \/>\n<meta property=\"og:locale\" content=\"de_DE\" \/>\n<meta property=\"og:type\" content=\"article\" \/>\n<meta property=\"og:title\" content=\"Allgemeine Gesch\u00e4ftsbedingungen | FEARCON\" \/>\n<meta property=\"og:description\" content=\"1. Vertrag 1.1. Der Bestellvorgang durch den Kunden stellt lediglich ein Angebot auf Abschluss eines Vertragsverh\u00e4ltnisses dar. Das Vertragsverh\u00e4ltnis mit der wird erst durch Zusendung einer [\u2026]\" \/>\n<meta property=\"og:url\" content=\"https:\/\/www.fearcon.de\/de\/rechtliches\/allgemeine-geschaeftsbedingungen\/\" \/>\n<meta property=\"og:site_name\" content=\"FEARCON\" \/>\n<meta property=\"article:publisher\" content=\"https:\/\/www.facebook.com\/FearCon\/\" \/>\n<meta property=\"article:modified_time\" content=\"2022-08-19T09:29:04+00:00\" \/>\n<meta name=\"twitter:card\" content=\"summary_large_image\" \/>\n<meta name=\"twitter:label1\" content=\"Gesch\u00e4tzte Lesezeit\" \/>\n\t<meta name=\"twitter:data1\" content=\"5\u00a0Minuten\" \/>\n<script type=\"application\/ld+json\" class=\"yoast-schema-graph\">{\"@context\":\"https:\/\/schema.org\",\"@graph\":[{\"@type\":\"WebPage\",\"@id\":\"https:\/\/www.fearcon.de\/de\/rechtliches\/allgemeine-geschaeftsbedingungen\/\",\"url\":\"https:\/\/www.fearcon.de\/de\/rechtliches\/allgemeine-geschaeftsbedingungen\/\",\"name\":\"Allgemeine Gesch\u00e4ftsbedingungen | FEARCON\",\"isPartOf\":{\"@id\":\"https:\/\/www.fearcon.de\/de\/#website\"},\"datePublished\":\"2016-02-10T12:34:00+00:00\",\"dateModified\":\"2022-08-19T09:29:04+00:00\",\"breadcrumb\":{\"@id\":\"https:\/\/www.fearcon.de\/de\/rechtliches\/allgemeine-geschaeftsbedingungen\/#breadcrumb\"},\"inLanguage\":\"de\",\"potentialAction\":[{\"@type\":\"ReadAction\",\"target\":[\"https:\/\/www.fearcon.de\/de\/rechtliches\/allgemeine-geschaeftsbedingungen\/\"]}]},{\"@type\":\"BreadcrumbList\",\"@id\":\"https:\/\/www.fearcon.de\/de\/rechtliches\/allgemeine-geschaeftsbedingungen\/#breadcrumb\",\"itemListElement\":[{\"@type\":\"ListItem\",\"position\":1,\"name\":\"Home\",\"item\":\"https:\/\/www.fearcon.de\/de\/\"},{\"@type\":\"ListItem\",\"position\":2,\"name\":\"Rechtliches\",\"item\":\"https:\/\/www.fearcon.de\/de\/rechtliches\/\"},{\"@type\":\"ListItem\",\"position\":3,\"name\":\"Allgemeine Gesch\u00e4ftsbedingungen\"}]},{\"@type\":\"WebSite\",\"@id\":\"https:\/\/www.fearcon.de\/de\/#website\",\"url\":\"https:\/\/www.fearcon.de\/de\/\",\"name\":\"FEARCON\",\"description\":\"Triff deine Horror Stars\",\"potentialAction\":[{\"@type\":\"SearchAction\",\"target\":{\"@type\":\"EntryPoint\",\"urlTemplate\":\"https:\/\/www.fearcon.de\/de\/?s={search_term_string}\"},\"query-input\":\"required name=search_term_string\"}],\"inLanguage\":\"de\"}]}<\/script>\n<!-- \/ Yoast SEO plugin. -->","yoast_head_json":{"title":"Allgemeine Gesch\u00e4ftsbedingungen | FEARCON","robots":{"index":"noindex","follow":"follow"},"og_locale":"de_DE","og_type":"article","og_title":"Allgemeine Gesch\u00e4ftsbedingungen | FEARCON","og_description":"1. Vertrag 1.1. Der Bestellvorgang durch den Kunden stellt lediglich ein Angebot auf Abschluss eines Vertragsverh\u00e4ltnisses dar. Das Vertragsverh\u00e4ltnis mit der wird erst durch Zusendung einer [\u2026]","og_url":"https:\/\/www.fearcon.de\/de\/rechtliches\/allgemeine-geschaeftsbedingungen\/","og_site_name":"FEARCON","article_publisher":"https:\/\/www.facebook.com\/FearCon\/","article_modified_time":"2022-08-19T09:29:04+00:00","twitter_card":"summary_large_image","twitter_misc":{"Gesch\u00e4tzte Lesezeit":"5\u00a0Minuten"},"schema":{"@context":"https:\/\/schema.org","@graph":[{"@type":"WebPage","@id":"https:\/\/www.fearcon.de\/de\/rechtliches\/allgemeine-geschaeftsbedingungen\/","url":"https:\/\/www.fearcon.de\/de\/rechtliches\/allgemeine-geschaeftsbedingungen\/","name":"Allgemeine Gesch\u00e4ftsbedingungen | FEARCON","isPartOf":{"@id":"https:\/\/www.fearcon.de\/de\/#website"},"datePublished":"2016-02-10T12:34:00+00:00","dateModified":"2022-08-19T09:29:04+00:00","breadcrumb":{"@id":"https:\/\/www.fearcon.de\/de\/rechtliches\/allgemeine-geschaeftsbedingungen\/#breadcrumb"},"inLanguage":"de","potentialAction":[{"@type":"ReadAction","target":["https:\/\/www.fearcon.de\/de\/rechtliches\/allgemeine-geschaeftsbedingungen\/"]}]},{"@type":"BreadcrumbList","@id":"https:\/\/www.fearcon.de\/de\/rechtliches\/allgemeine-geschaeftsbedingungen\/#breadcrumb","itemListElement":[{"@type":"ListItem","position":1,"name":"Home","item":"https:\/\/www.fearcon.de\/de\/"},{"@type":"ListItem","position":2,"name":"Rechtliches","item":"https:\/\/www.fearcon.de\/de\/rechtliches\/"},{"@type":"ListItem","position":3,"name":"Allgemeine Gesch\u00e4ftsbedingungen"}]},{"@type":"WebSite","@id":"https:\/\/www.fearcon.de\/de\/#website","url":"https:\/\/www.fearcon.de\/de\/","name":"FEARCON","description":"Triff deine Horror Stars","potentialAction":[{"@type":"SearchAction","target":{"@type":"EntryPoint","urlTemplate":"https:\/\/www.fearcon.de\/de\/?s={search_term_string}"},"query-input":"required name=search_term_string"}],"inLanguage":"de"}]}},"_links":{"self":[{"href":"https:\/\/www.fearcon.de\/de\/wp-json\/wp\/v2\/pages\/2658"}],"collection":[{"href":"https:\/\/www.fearcon.de\/de\/wp-json\/wp\/v2\/pages"}],"about":[{"href":"https:\/\/www.fearcon.de\/de\/wp-json\/wp\/v2\/types\/page"}],"author":[{"embeddable":true,"href":"https:\/\/www.fearcon.de\/de\/wp-json\/wp\/v2\/users\/1"}],"replies":[{"embeddable":true,"href":"https:\/\/www.fearcon.de\/de\/wp-json\/wp\/v2\/comments?post=2658"}],"version-history":[{"count":5,"href":"https:\/\/www.fearcon.de\/de\/wp-json\/wp\/v2\/pages\/2658\/revisions"}],"predecessor-version":[{"id":10324,"href":"https:\/\/www.fearcon.de\/de\/wp-json\/wp\/v2\/pages\/2658\/revisions\/10324"}],"up":[{"embeddable":true,"href":"https:\/\/www.fearcon.de\/de\/wp-json\/wp\/v2\/pages\/2650"}],"wp:attachment":[{"href":"https:\/\/www.fearcon.de\/de\/wp-json\/wp\/v2\/media?parent=2658"}],"curies":[{"name":"wp","href":"https:\/\/api.w.org\/{rel}","templated":true}]}}