{"id":2722,"date":"2016-02-12T13:05:29","date_gmt":"2016-02-12T12:05:29","guid":{"rendered":"https:\/\/www.fearcon.de\/de\/?page_id=2722"},"modified":"2024-08-28T00:54:33","modified_gmt":"2024-08-27T22:54:33","slug":"stargaeste","status":"publish","type":"page","link":"https:\/\/www.fearcon.de\/de\/highlights\/stargaeste\/","title":{"rendered":"Starg\u00e4ste"},"content":{"rendered":"<p>Freut euch zusammen mit uns auf die aufregenden Starg\u00e4ste aus den beliebtesten Filmen und Serien des <em><strong>Horror<\/strong><\/em>-Genres! Seid dabei, wenn die Schauspieler das Maritim Hotel Bonn zum Kochen bringen und die Convention in einen Ort voller G\u00e4nsehaut-Momente verwandeln. Holt euch nicht nur eure Autogramme, sondern nutzt auch die Gelegenheit, in unseren exklusiven Fotosessions unvergessliche Erinnerungen mit euren Lieblingsstars festzuhalten. Lasst euch von spannenden Interviews und Q&amp;A-Sessions in den Panels mitrei\u00dfen, bei denen ihr mehr \u00fcber die Arbeit und das Leben der Stars erfahrt.<\/p>\n<p>Genie\u00dft die einzigartige, elektrisierende Atmosph\u00e4re dieser Convention, die euch in die faszinierende Welt des <em><strong>Horror<\/strong><\/em> eintauchen l\u00e4sst. Trefft Gleichgesinnte, teilt eure Leidenschaft f\u00fcr das Genre und sammelt Erinnerungen, die ihr f\u00fcr immer in eurem Herzen tragen werdet. Dieses aufregende Wochenende bietet alles, was das <em><strong>Horror<\/strong><\/em>-Fan-Herz begehrt \u2013 verpasst es nicht!<\/p>\n","protected":false},"excerpt":{"rendered":"<p>Freut euch zusammen mit uns auf die aufregenden Starg\u00e4ste aus den beliebtesten Filmen und Serien des -Genres! Seid dabei, wenn die Schauspieler das zum Kochen bringen<span class=\"excerpt-hellip\"> [\u2026]<\/span><\/p>\n","protected":false},"author":1,"featured_media":0,"parent":2644,"menu_order":0,"comment_status":"closed","ping_status":"closed","template":"","meta":{"footnotes":""},"yoast_head":"<!-- This site is optimized with the Yoast SEO plugin v22.5 - https:\/\/yoast.com\/wordpress\/plugins\/seo\/ -->\n<title>Starg\u00e4ste | FEARCON<\/title>\n<meta name=\"description\" content=\"Freut euch zusammen mit uns auf die Starg\u00e4ste aus den beliebtesten Filmen und Serien des Horror-Genres. Seid mit dabei ...\" \/>\n<meta name=\"robots\" content=\"index, follow, max-snippet:-1, max-image-preview:large, max-video-preview:-1\" \/>\n<link rel=\"canonical\" href=\"https:\/\/www.fearcon.de\/de\/highlights\/stargaeste\/\" \/>\n<meta property=\"og:locale\" content=\"de_DE\" \/>\n<meta property=\"og:type\" content=\"article\" \/>\n<meta property=\"og:title\" content=\"Starg\u00e4ste | FEARCON\" \/>\n<meta property=\"og:description\" content=\"Freut euch zusammen mit uns auf die Starg\u00e4ste aus den beliebtesten Filmen und Serien des Horror-Genres. Seid mit dabei ...\" \/>\n<meta property=\"og:url\" content=\"https:\/\/www.fearcon.de\/de\/highlights\/stargaeste\/\" \/>\n<meta property=\"og:site_name\" content=\"FEARCON\" \/>\n<meta property=\"article:publisher\" content=\"https:\/\/www.facebook.com\/FearCon\/\" \/>\n<meta property=\"article:modified_time\" content=\"2024-08-27T22:54:33+00:00\" \/>\n<meta name=\"twitter:card\" content=\"summary_large_image\" \/>\n<meta name=\"twitter:label1\" content=\"Gesch\u00e4tzte Lesezeit\" \/>\n\t<meta name=\"twitter:data1\" content=\"1\u00a0Minute\" \/>\n<script type=\"application\/ld+json\" class=\"yoast-schema-graph\">{\"@context\":\"https:\/\/schema.org\",\"@graph\":[{\"@type\":\"WebPage\",\"@id\":\"https:\/\/www.fearcon.de\/de\/highlights\/stargaeste\/\",\"url\":\"https:\/\/www.fearcon.de\/de\/highlights\/stargaeste\/\",\"name\":\"Starg\u00e4ste | FEARCON\",\"isPartOf\":{\"@id\":\"https:\/\/www.fearcon.de\/de\/#website\"},\"datePublished\":\"2016-02-12T12:05:29+00:00\",\"dateModified\":\"2024-08-27T22:54:33+00:00\",\"description\":\"Freut euch zusammen mit uns auf die Starg\u00e4ste aus den beliebtesten Filmen und Serien des Horror-Genres. Seid mit dabei ...\",\"breadcrumb\":{\"@id\":\"https:\/\/www.fearcon.de\/de\/highlights\/stargaeste\/#breadcrumb\"},\"inLanguage\":\"de\",\"potentialAction\":[{\"@type\":\"ReadAction\",\"target\":[\"https:\/\/www.fearcon.de\/de\/highlights\/stargaeste\/\"]}]},{\"@type\":\"BreadcrumbList\",\"@id\":\"https:\/\/www.fearcon.de\/de\/highlights\/stargaeste\/#breadcrumb\",\"itemListElement\":[{\"@type\":\"ListItem\",\"position\":1,\"name\":\"Home\",\"item\":\"https:\/\/www.fearcon.de\/de\/\"},{\"@type\":\"ListItem\",\"position\":2,\"name\":\"Highlights\",\"item\":\"https:\/\/www.fearcon.de\/de\/highlights\/\"},{\"@type\":\"ListItem\",\"position\":3,\"name\":\"Starg\u00e4ste\"}]},{\"@type\":\"WebSite\",\"@id\":\"https:\/\/www.fearcon.de\/de\/#website\",\"url\":\"https:\/\/www.fearcon.de\/de\/\",\"name\":\"FEARCON\",\"description\":\"Triff deine Horror Stars\",\"potentialAction\":[{\"@type\":\"SearchAction\",\"target\":{\"@type\":\"EntryPoint\",\"urlTemplate\":\"https:\/\/www.fearcon.de\/de\/?s={search_term_string}\"},\"query-input\":\"required name=search_term_string\"}],\"inLanguage\":\"de\"}]}<\/script>\n<!-- \/ Yoast SEO plugin. -->","yoast_head_json":{"title":"Starg\u00e4ste | FEARCON","description":"Freut euch zusammen mit uns auf die Starg\u00e4ste aus den beliebtesten Filmen und Serien des Horror-Genres. Seid mit dabei ...","robots":{"index":"index","follow":"follow","max-snippet":"max-snippet:-1","max-image-preview":"max-image-preview:large","max-video-preview":"max-video-preview:-1"},"canonical":"https:\/\/www.fearcon.de\/de\/highlights\/stargaeste\/","og_locale":"de_DE","og_type":"article","og_title":"Starg\u00e4ste | FEARCON","og_description":"Freut euch zusammen mit uns auf die Starg\u00e4ste aus den beliebtesten Filmen und Serien des Horror-Genres. Seid mit dabei ...","og_url":"https:\/\/www.fearcon.de\/de\/highlights\/stargaeste\/","og_site_name":"FEARCON","article_publisher":"https:\/\/www.facebook.com\/FearCon\/","article_modified_time":"2024-08-27T22:54:33+00:00","twitter_card":"summary_large_image","twitter_misc":{"Gesch\u00e4tzte Lesezeit":"1\u00a0Minute"},"schema":{"@context":"https:\/\/schema.org","@graph":[{"@type":"WebPage","@id":"https:\/\/www.fearcon.de\/de\/highlights\/stargaeste\/","url":"https:\/\/www.fearcon.de\/de\/highlights\/stargaeste\/","name":"Starg\u00e4ste | FEARCON","isPartOf":{"@id":"https:\/\/www.fearcon.de\/de\/#website"},"datePublished":"2016-02-12T12:05:29+00:00","dateModified":"2024-08-27T22:54:33+00:00","description":"Freut euch zusammen mit uns auf die Starg\u00e4ste aus den beliebtesten Filmen und Serien des Horror-Genres. Seid mit dabei ...","breadcrumb":{"@id":"https:\/\/www.fearcon.de\/de\/highlights\/stargaeste\/#breadcrumb"},"inLanguage":"de","potentialAction":[{"@type":"ReadAction","target":["https:\/\/www.fearcon.de\/de\/highlights\/stargaeste\/"]}]},{"@type":"BreadcrumbList","@id":"https:\/\/www.fearcon.de\/de\/highlights\/stargaeste\/#breadcrumb","itemListElement":[{"@type":"ListItem","position":1,"name":"Home","item":"https:\/\/www.fearcon.de\/de\/"},{"@type":"ListItem","position":2,"name":"Highlights","item":"https:\/\/www.fearcon.de\/de\/highlights\/"},{"@type":"ListItem","position":3,"name":"Starg\u00e4ste"}]},{"@type":"WebSite","@id":"https:\/\/www.fearcon.de\/de\/#website","url":"https:\/\/www.fearcon.de\/de\/","name":"FEARCON","description":"Triff deine Horror Stars","potentialAction":[{"@type":"SearchAction","target":{"@type":"EntryPoint","urlTemplate":"https:\/\/www.fearcon.de\/de\/?s={search_term_string}"},"query-input":"required name=search_term_string"}],"inLanguage":"de"}]}},"_links":{"self":[{"href":"https:\/\/www.fearcon.de\/de\/wp-json\/wp\/v2\/pages\/2722"}],"collection":[{"href":"https:\/\/www.fearcon.de\/de\/wp-json\/wp\/v2\/pages"}],"about":[{"href":"https:\/\/www.fearcon.de\/de\/wp-json\/wp\/v2\/types\/page"}],"author":[{"embeddable":true,"href":"https:\/\/www.fearcon.de\/de\/wp-json\/wp\/v2\/users\/1"}],"replies":[{"embeddable":true,"href":"https:\/\/www.fearcon.de\/de\/wp-json\/wp\/v2\/comments?post=2722"}],"version-history":[{"count":12,"href":"https:\/\/www.fearcon.de\/de\/wp-json\/wp\/v2\/pages\/2722\/revisions"}],"predecessor-version":[{"id":12048,"href":"https:\/\/www.fearcon.de\/de\/wp-json\/wp\/v2\/pages\/2722\/revisions\/12048"}],"up":[{"embeddable":true,"href":"https:\/\/www.fearcon.de\/de\/wp-json\/wp\/v2\/pages\/2644"}],"wp:attachment":[{"href":"https:\/\/www.fearcon.de\/de\/wp-json\/wp\/v2\/media?parent=2722"}],"curies":[{"name":"wp","href":"https:\/\/api.w.org\/{rel}","templated":true}]}}