{"id":2729,"date":"2016-02-12T14:09:40","date_gmt":"2016-02-12T13:09:40","guid":{"rendered":"https:\/\/www.fearcon.de\/de\/?page_id=2729"},"modified":"2019-03-04T20:50:33","modified_gmt":"2019-03-04T19:50:33","slug":"sponsoren-partner-und-haendler","status":"publish","type":"page","link":"https:\/\/www.fearcon.de\/de\/highlights\/sponsoren-partner-und-haendler\/","title":{"rendered":"Sponsoren, Partner &amp; H\u00e4ndler"},"content":{"rendered":"<p>Partner und Sponsoren sind h\u00e4ufig mit ihren St\u00e4nden auf der <em><strong>FearCon<\/strong><\/em> vertreten. Besuche doch einmal die St\u00e4nde und schau dir deren Angebote an. Teilweise wirst du auch durch Werbeeinblendungen auf der Leinwand, Flyerbeilagen, Anzeigen im Programmheft, usw., auf Sponsoren und unsere Kooperationspartner aufmerksam gemacht. Da deren Waren meist passend zum Thema <em><strong>Horror<\/strong><\/em> sind, lohnt sich ein Blick auf deren Angebote immer.<\/p>\n<p>Alles, was das Sammlerherz begehrt und vieles andere mehr findest du im H\u00e4ndlerraum. Die verschiedenen St\u00e4nde im Gel\u00e4nde der <em><strong>FearCon<\/strong><\/em> laden zum St\u00f6bern und Geld ausgeben ein. F\u00fcr jeden Geschmack ist etwas dabei &#8211; ob DVDs, Autogramme, Uniformen und Kost\u00fcme, Sammlerfiguren und vieles andere mehr. Nimm dir die Zeit und schau dich dort um.<\/p>\n<p>Du m\u00f6chtest auch die Chance nutzen, Produkte deinem Zielpublikum vorzustellen. Bei uns hast du vielf\u00e4ltige M\u00f6glichkeiten, dich und deine Produkte perfekt in Szene zu setzen. F\u00fcr weitere Informationen und M\u00f6glichkeiten sende uns bitte eine E-Mail an <a href=\"mailto:verwaltung@fedconevents.de\">verwaltung@fedconevents.de<\/a>. Du wirst dann einen pers\u00f6nlichen Ansprechpartner erhalten.<\/p>\n<div class=\"column_filters\"><div class=\"blog_wrapper isotope_wrapper clearfix\"><div class=\"posts_group element_classes lm_wrapper col-3 modern\"><\/div><\/div>\n<\/div>\n\n","protected":false},"excerpt":{"rendered":"<p>Partner und Sponsoren sind h\u00e4ufig mit ihren St\u00e4nden auf der vertreten. Besuche doch einmal die St\u00e4nde und schau dir deren Angebote an. Teilweise wirst du auch<span class=\"excerpt-hellip\"> [\u2026]<\/span><\/p>\n","protected":false},"author":1,"featured_media":0,"parent":2644,"menu_order":0,"comment_status":"closed","ping_status":"closed","template":"","meta":{"footnotes":""},"yoast_head":"<!-- This site is optimized with the Yoast SEO plugin v22.5 - https:\/\/yoast.com\/wordpress\/plugins\/seo\/ -->\n<title>Besuche die Sponsoren, Partner &amp; H\u00e4ndler auf der FEARCON<\/title>\n<meta name=\"description\" content=\"Sponsoren, Partner und H\u00e4ndler sind h\u00e4ufig mit ihren St\u00e4nden auf der FEARCON vertreten. Besucht die St\u00e4nde mal und schaut euch deren Angebote an.\" \/>\n<meta name=\"robots\" content=\"index, follow, max-snippet:-1, max-image-preview:large, max-video-preview:-1\" \/>\n<link rel=\"canonical\" href=\"https:\/\/www.fearcon.de\/de\/highlights\/sponsoren-partner-und-haendler\/\" \/>\n<meta property=\"og:locale\" content=\"de_DE\" \/>\n<meta property=\"og:type\" content=\"article\" \/>\n<meta property=\"og:title\" content=\"Besuche die Sponsoren, Partner &amp; H\u00e4ndler auf der FEARCON\" \/>\n<meta property=\"og:description\" content=\"Sponsoren, Partner und H\u00e4ndler sind h\u00e4ufig mit ihren St\u00e4nden auf der FEARCON vertreten. Besucht die St\u00e4nde mal und schaut euch deren Angebote an.\" \/>\n<meta property=\"og:url\" content=\"https:\/\/www.fearcon.de\/de\/highlights\/sponsoren-partner-und-haendler\/\" \/>\n<meta property=\"og:site_name\" content=\"FEARCON\" \/>\n<meta property=\"article:publisher\" content=\"https:\/\/www.facebook.com\/FearCon\/\" \/>\n<meta property=\"article:modified_time\" content=\"2019-03-04T19:50:33+00:00\" \/>\n<meta name=\"twitter:card\" content=\"summary_large_image\" \/>\n<meta name=\"twitter:label1\" content=\"Gesch\u00e4tzte Lesezeit\" \/>\n\t<meta name=\"twitter:data1\" content=\"1\u00a0Minute\" \/>\n<script type=\"application\/ld+json\" class=\"yoast-schema-graph\">{\"@context\":\"https:\/\/schema.org\",\"@graph\":[{\"@type\":\"WebPage\",\"@id\":\"https:\/\/www.fearcon.de\/de\/highlights\/sponsoren-partner-und-haendler\/\",\"url\":\"https:\/\/www.fearcon.de\/de\/highlights\/sponsoren-partner-und-haendler\/\",\"name\":\"Besuche die Sponsoren, Partner &amp; H\u00e4ndler auf der FEARCON\",\"isPartOf\":{\"@id\":\"https:\/\/www.fearcon.de\/de\/#website\"},\"datePublished\":\"2016-02-12T13:09:40+00:00\",\"dateModified\":\"2019-03-04T19:50:33+00:00\",\"description\":\"Sponsoren, Partner und H\u00e4ndler sind h\u00e4ufig mit ihren St\u00e4nden auf der FEARCON vertreten. Besucht die St\u00e4nde mal und schaut euch deren Angebote an.\",\"breadcrumb\":{\"@id\":\"https:\/\/www.fearcon.de\/de\/highlights\/sponsoren-partner-und-haendler\/#breadcrumb\"},\"inLanguage\":\"de\",\"potentialAction\":[{\"@type\":\"ReadAction\",\"target\":[\"https:\/\/www.fearcon.de\/de\/highlights\/sponsoren-partner-und-haendler\/\"]}]},{\"@type\":\"BreadcrumbList\",\"@id\":\"https:\/\/www.fearcon.de\/de\/highlights\/sponsoren-partner-und-haendler\/#breadcrumb\",\"itemListElement\":[{\"@type\":\"ListItem\",\"position\":1,\"name\":\"Home\",\"item\":\"https:\/\/www.fearcon.de\/de\/\"},{\"@type\":\"ListItem\",\"position\":2,\"name\":\"Highlights\",\"item\":\"https:\/\/www.fearcon.de\/de\/highlights\/\"},{\"@type\":\"ListItem\",\"position\":3,\"name\":\"Sponsoren, Partner &amp; H\u00e4ndler\"}]},{\"@type\":\"WebSite\",\"@id\":\"https:\/\/www.fearcon.de\/de\/#website\",\"url\":\"https:\/\/www.fearcon.de\/de\/\",\"name\":\"FEARCON\",\"description\":\"Triff deine Horror Stars\",\"potentialAction\":[{\"@type\":\"SearchAction\",\"target\":{\"@type\":\"EntryPoint\",\"urlTemplate\":\"https:\/\/www.fearcon.de\/de\/?s={search_term_string}\"},\"query-input\":\"required name=search_term_string\"}],\"inLanguage\":\"de\"}]}<\/script>\n<!-- \/ Yoast SEO plugin. -->","yoast_head_json":{"title":"Besuche die Sponsoren, Partner &amp; H\u00e4ndler auf der FEARCON","description":"Sponsoren, Partner und H\u00e4ndler sind h\u00e4ufig mit ihren St\u00e4nden auf der FEARCON vertreten. Besucht die St\u00e4nde mal und schaut euch deren Angebote an.","robots":{"index":"index","follow":"follow","max-snippet":"max-snippet:-1","max-image-preview":"max-image-preview:large","max-video-preview":"max-video-preview:-1"},"canonical":"https:\/\/www.fearcon.de\/de\/highlights\/sponsoren-partner-und-haendler\/","og_locale":"de_DE","og_type":"article","og_title":"Besuche die Sponsoren, Partner &amp; H\u00e4ndler auf der FEARCON","og_description":"Sponsoren, Partner und H\u00e4ndler sind h\u00e4ufig mit ihren St\u00e4nden auf der FEARCON vertreten. Besucht die St\u00e4nde mal und schaut euch deren Angebote an.","og_url":"https:\/\/www.fearcon.de\/de\/highlights\/sponsoren-partner-und-haendler\/","og_site_name":"FEARCON","article_publisher":"https:\/\/www.facebook.com\/FearCon\/","article_modified_time":"2019-03-04T19:50:33+00:00","twitter_card":"summary_large_image","twitter_misc":{"Gesch\u00e4tzte Lesezeit":"1\u00a0Minute"},"schema":{"@context":"https:\/\/schema.org","@graph":[{"@type":"WebPage","@id":"https:\/\/www.fearcon.de\/de\/highlights\/sponsoren-partner-und-haendler\/","url":"https:\/\/www.fearcon.de\/de\/highlights\/sponsoren-partner-und-haendler\/","name":"Besuche die Sponsoren, Partner &amp; H\u00e4ndler auf der FEARCON","isPartOf":{"@id":"https:\/\/www.fearcon.de\/de\/#website"},"datePublished":"2016-02-12T13:09:40+00:00","dateModified":"2019-03-04T19:50:33+00:00","description":"Sponsoren, Partner und H\u00e4ndler sind h\u00e4ufig mit ihren St\u00e4nden auf der FEARCON vertreten. Besucht die St\u00e4nde mal und schaut euch deren Angebote an.","breadcrumb":{"@id":"https:\/\/www.fearcon.de\/de\/highlights\/sponsoren-partner-und-haendler\/#breadcrumb"},"inLanguage":"de","potentialAction":[{"@type":"ReadAction","target":["https:\/\/www.fearcon.de\/de\/highlights\/sponsoren-partner-und-haendler\/"]}]},{"@type":"BreadcrumbList","@id":"https:\/\/www.fearcon.de\/de\/highlights\/sponsoren-partner-und-haendler\/#breadcrumb","itemListElement":[{"@type":"ListItem","position":1,"name":"Home","item":"https:\/\/www.fearcon.de\/de\/"},{"@type":"ListItem","position":2,"name":"Highlights","item":"https:\/\/www.fearcon.de\/de\/highlights\/"},{"@type":"ListItem","position":3,"name":"Sponsoren, Partner &amp; H\u00e4ndler"}]},{"@type":"WebSite","@id":"https:\/\/www.fearcon.de\/de\/#website","url":"https:\/\/www.fearcon.de\/de\/","name":"FEARCON","description":"Triff deine Horror Stars","potentialAction":[{"@type":"SearchAction","target":{"@type":"EntryPoint","urlTemplate":"https:\/\/www.fearcon.de\/de\/?s={search_term_string}"},"query-input":"required name=search_term_string"}],"inLanguage":"de"}]}},"_links":{"self":[{"href":"https:\/\/www.fearcon.de\/de\/wp-json\/wp\/v2\/pages\/2729"}],"collection":[{"href":"https:\/\/www.fearcon.de\/de\/wp-json\/wp\/v2\/pages"}],"about":[{"href":"https:\/\/www.fearcon.de\/de\/wp-json\/wp\/v2\/types\/page"}],"author":[{"embeddable":true,"href":"https:\/\/www.fearcon.de\/de\/wp-json\/wp\/v2\/users\/1"}],"replies":[{"embeddable":true,"href":"https:\/\/www.fearcon.de\/de\/wp-json\/wp\/v2\/comments?post=2729"}],"version-history":[{"count":5,"href":"https:\/\/www.fearcon.de\/de\/wp-json\/wp\/v2\/pages\/2729\/revisions"}],"predecessor-version":[{"id":4956,"href":"https:\/\/www.fearcon.de\/de\/wp-json\/wp\/v2\/pages\/2729\/revisions\/4956"}],"up":[{"embeddable":true,"href":"https:\/\/www.fearcon.de\/de\/wp-json\/wp\/v2\/pages\/2644"}],"wp:attachment":[{"href":"https:\/\/www.fearcon.de\/de\/wp-json\/wp\/v2\/media?parent=2729"}],"curies":[{"name":"wp","href":"https:\/\/api.w.org\/{rel}","templated":true}]}}