{"id":2731,"date":"2023-05-28T18:00:25","date_gmt":"2023-05-28T16:00:25","guid":{"rendered":"https:\/\/www.fearcon.de\/de\/?page_id=2731"},"modified":"2024-08-26T15:45:57","modified_gmt":"2024-08-26T13:45:57","slug":"vortraege-und-specials","status":"publish","type":"page","link":"https:\/\/www.fearcon.de\/de\/highlights\/vortraege-und-specials\/","title":{"rendered":"Vortr\u00e4ge &#038; Lesungen"},"content":{"rendered":"<p>Ein wichtiger Teil unserer Conventions sind die <strong>Vortr\u00e4ge<\/strong> von Experten und <strong>Lesungen<\/strong> namhafter bzw. aufstrebender Autorinnen und Autoren. Dahinter verbergen sich G\u00e4ste, wie z. B. Regisseure, Autoren, Experten und viele andere schlaue und kreative K\u00f6pfe, die spannende Vortr\u00e4ge halten oder aus einem Buch vorlesen. In der Regel gibt es nach den jeweiligen Lesungen auch eine Signierstunde.<\/p>\n","protected":false},"excerpt":{"rendered":"<p>Ein wichtiger Teil unserer Conventions sind die Vortr\u00e4ge von Experten und Lesungen namhafter bzw. aufstrebender Autorinnen und Autoren. Dahinter verbergen sich G\u00e4ste, wie z. B. Regisseure,<span class=\"excerpt-hellip\"> [\u2026]<\/span><\/p>\n","protected":false},"author":1,"featured_media":0,"parent":2644,"menu_order":0,"comment_status":"closed","ping_status":"closed","template":"","meta":{"footnotes":""},"yoast_head":"<!-- This site is optimized with the Yoast SEO plugin v22.5 - https:\/\/yoast.com\/wordpress\/plugins\/seo\/ -->\n<title>Informationen zu Vortr\u00e4ge &amp; Lesungen auf der FEARCON<\/title>\n<meta name=\"description\" content=\"Sehr beliebt auf all unseren Conventions sind die Vortr\u00e4ge von Experten und Lesungen namhafter Autorinnen und Autoren.\" \/>\n<meta name=\"robots\" content=\"index, follow, max-snippet:-1, max-image-preview:large, max-video-preview:-1\" \/>\n<link rel=\"canonical\" href=\"https:\/\/www.fearcon.de\/de\/highlights\/vortraege-und-specials\/\" \/>\n<meta property=\"og:locale\" content=\"de_DE\" \/>\n<meta property=\"og:type\" content=\"article\" \/>\n<meta property=\"og:title\" content=\"Vortr\u00e4ge &amp; Lesungen auf der FedCon\" \/>\n<meta property=\"og:description\" content=\"Sehr beliebt auf all unseren Conventions sind die Vortr\u00e4ge von Experten und Lesungen namhafter Autorinnen und Autoren.\" \/>\n<meta property=\"og:url\" content=\"https:\/\/www.fearcon.de\/de\/highlights\/vortraege-und-specials\/\" \/>\n<meta property=\"og:site_name\" content=\"FEARCON\" \/>\n<meta property=\"article:publisher\" content=\"https:\/\/www.facebook.com\/FearCon\/\" \/>\n<meta property=\"article:modified_time\" content=\"2024-08-26T13:45:57+00:00\" \/>\n<meta name=\"twitter:card\" content=\"summary_large_image\" \/>\n<meta name=\"twitter:title\" content=\"Vortr\u00e4ge &amp; Lesungen auf der FedCon\" \/>\n<meta name=\"twitter:label1\" content=\"Gesch\u00e4tzte Lesezeit\" \/>\n\t<meta name=\"twitter:data1\" content=\"1\u00a0Minute\" \/>\n<script type=\"application\/ld+json\" class=\"yoast-schema-graph\">{\"@context\":\"https:\/\/schema.org\",\"@graph\":[{\"@type\":\"WebPage\",\"@id\":\"https:\/\/www.fearcon.de\/de\/highlights\/vortraege-und-specials\/\",\"url\":\"https:\/\/www.fearcon.de\/de\/highlights\/vortraege-und-specials\/\",\"name\":\"Informationen zu Vortr\u00e4ge & Lesungen auf der FEARCON\",\"isPartOf\":{\"@id\":\"https:\/\/www.fearcon.de\/de\/#website\"},\"datePublished\":\"2023-05-28T16:00:25+00:00\",\"dateModified\":\"2024-08-26T13:45:57+00:00\",\"description\":\"Sehr beliebt auf all unseren Conventions sind die Vortr\u00e4ge von Experten und Lesungen namhafter Autorinnen und Autoren.\",\"breadcrumb\":{\"@id\":\"https:\/\/www.fearcon.de\/de\/highlights\/vortraege-und-specials\/#breadcrumb\"},\"inLanguage\":\"de\",\"potentialAction\":[{\"@type\":\"ReadAction\",\"target\":[\"https:\/\/www.fearcon.de\/de\/highlights\/vortraege-und-specials\/\"]}]},{\"@type\":\"BreadcrumbList\",\"@id\":\"https:\/\/www.fearcon.de\/de\/highlights\/vortraege-und-specials\/#breadcrumb\",\"itemListElement\":[{\"@type\":\"ListItem\",\"position\":1,\"name\":\"Home\",\"item\":\"https:\/\/www.fearcon.de\/de\/\"},{\"@type\":\"ListItem\",\"position\":2,\"name\":\"Highlights\",\"item\":\"https:\/\/www.fearcon.de\/de\/highlights\/\"},{\"@type\":\"ListItem\",\"position\":3,\"name\":\"Vortr\u00e4ge &#038; Lesungen\"}]},{\"@type\":\"WebSite\",\"@id\":\"https:\/\/www.fearcon.de\/de\/#website\",\"url\":\"https:\/\/www.fearcon.de\/de\/\",\"name\":\"FEARCON\",\"description\":\"Triff deine Horror Stars\",\"potentialAction\":[{\"@type\":\"SearchAction\",\"target\":{\"@type\":\"EntryPoint\",\"urlTemplate\":\"https:\/\/www.fearcon.de\/de\/?s={search_term_string}\"},\"query-input\":\"required name=search_term_string\"}],\"inLanguage\":\"de\"}]}<\/script>\n<!-- \/ Yoast SEO plugin. -->","yoast_head_json":{"title":"Informationen zu Vortr\u00e4ge & Lesungen auf der FEARCON","description":"Sehr beliebt auf all unseren Conventions sind die Vortr\u00e4ge von Experten und Lesungen namhafter Autorinnen und Autoren.","robots":{"index":"index","follow":"follow","max-snippet":"max-snippet:-1","max-image-preview":"max-image-preview:large","max-video-preview":"max-video-preview:-1"},"canonical":"https:\/\/www.fearcon.de\/de\/highlights\/vortraege-und-specials\/","og_locale":"de_DE","og_type":"article","og_title":"Vortr\u00e4ge & Lesungen auf der FedCon","og_description":"Sehr beliebt auf all unseren Conventions sind die Vortr\u00e4ge von Experten und Lesungen namhafter Autorinnen und Autoren.","og_url":"https:\/\/www.fearcon.de\/de\/highlights\/vortraege-und-specials\/","og_site_name":"FEARCON","article_publisher":"https:\/\/www.facebook.com\/FearCon\/","article_modified_time":"2024-08-26T13:45:57+00:00","twitter_card":"summary_large_image","twitter_title":"Vortr\u00e4ge & Lesungen auf der FedCon","twitter_misc":{"Gesch\u00e4tzte Lesezeit":"1\u00a0Minute"},"schema":{"@context":"https:\/\/schema.org","@graph":[{"@type":"WebPage","@id":"https:\/\/www.fearcon.de\/de\/highlights\/vortraege-und-specials\/","url":"https:\/\/www.fearcon.de\/de\/highlights\/vortraege-und-specials\/","name":"Informationen zu Vortr\u00e4ge & Lesungen auf der FEARCON","isPartOf":{"@id":"https:\/\/www.fearcon.de\/de\/#website"},"datePublished":"2023-05-28T16:00:25+00:00","dateModified":"2024-08-26T13:45:57+00:00","description":"Sehr beliebt auf all unseren Conventions sind die Vortr\u00e4ge von Experten und Lesungen namhafter Autorinnen und Autoren.","breadcrumb":{"@id":"https:\/\/www.fearcon.de\/de\/highlights\/vortraege-und-specials\/#breadcrumb"},"inLanguage":"de","potentialAction":[{"@type":"ReadAction","target":["https:\/\/www.fearcon.de\/de\/highlights\/vortraege-und-specials\/"]}]},{"@type":"BreadcrumbList","@id":"https:\/\/www.fearcon.de\/de\/highlights\/vortraege-und-specials\/#breadcrumb","itemListElement":[{"@type":"ListItem","position":1,"name":"Home","item":"https:\/\/www.fearcon.de\/de\/"},{"@type":"ListItem","position":2,"name":"Highlights","item":"https:\/\/www.fearcon.de\/de\/highlights\/"},{"@type":"ListItem","position":3,"name":"Vortr\u00e4ge &#038; Lesungen"}]},{"@type":"WebSite","@id":"https:\/\/www.fearcon.de\/de\/#website","url":"https:\/\/www.fearcon.de\/de\/","name":"FEARCON","description":"Triff deine Horror Stars","potentialAction":[{"@type":"SearchAction","target":{"@type":"EntryPoint","urlTemplate":"https:\/\/www.fearcon.de\/de\/?s={search_term_string}"},"query-input":"required name=search_term_string"}],"inLanguage":"de"}]}},"_links":{"self":[{"href":"https:\/\/www.fearcon.de\/de\/wp-json\/wp\/v2\/pages\/2731"}],"collection":[{"href":"https:\/\/www.fearcon.de\/de\/wp-json\/wp\/v2\/pages"}],"about":[{"href":"https:\/\/www.fearcon.de\/de\/wp-json\/wp\/v2\/types\/page"}],"author":[{"embeddable":true,"href":"https:\/\/www.fearcon.de\/de\/wp-json\/wp\/v2\/users\/1"}],"replies":[{"embeddable":true,"href":"https:\/\/www.fearcon.de\/de\/wp-json\/wp\/v2\/comments?post=2731"}],"version-history":[{"count":6,"href":"https:\/\/www.fearcon.de\/de\/wp-json\/wp\/v2\/pages\/2731\/revisions"}],"predecessor-version":[{"id":11923,"href":"https:\/\/www.fearcon.de\/de\/wp-json\/wp\/v2\/pages\/2731\/revisions\/11923"}],"up":[{"embeddable":true,"href":"https:\/\/www.fearcon.de\/de\/wp-json\/wp\/v2\/pages\/2644"}],"wp:attachment":[{"href":"https:\/\/www.fearcon.de\/de\/wp-json\/wp\/v2\/media?parent=2731"}],"curies":[{"name":"wp","href":"https:\/\/api.w.org\/{rel}","templated":true}]}}