{"id":3308,"date":"2023-05-28T18:00:55","date_gmt":"2023-05-28T16:00:55","guid":{"rendered":"https:\/\/www.fearcon.de\/de\/?page_id=3308"},"modified":"2023-10-06T19:37:30","modified_gmt":"2023-10-06T17:37:30","slug":"hotel-und-anfahrt-zur-convention","status":"publish","type":"page","link":"https:\/\/www.fearcon.de\/de\/info\/hotel-und-anfahrt-zur-convention\/","title":{"rendered":"Hotel &#038; Anfahrt zur Convention"},"content":{"rendered":"<p>Das exklusive Hotel Maritim liegt direkt am fr\u00fcheren Regierungsviertel und am Gel\u00e4nde der ehemaligen Bundesgartenschau. Stilvolle Eleganz, internationales Flair und herzliche Gastfreundschaft ergeben eine ganz besondere Atmosph\u00e4re, in der Sie sich bestimmt wohlf\u00fchlen werden.<\/p>\n<p>Die Hotelzimmer k\u00f6nnen w\u00e4hrend der Convention ab ca. 15:00 Uhr bezogen werden und sie m\u00fcssen am Abreisetag bis sp\u00e4testens 12:00 Uhr ger\u00e4umt sein. R\u00e4ume zur Unterbringung des Gep\u00e4cks sind vorhanden.<\/p>\n<p>http:\/\/downloads.fedconevents.com\/images\/hotels\/hotel-maritim-bonn\/maritim_b-hotel-1.jpg<br \/>\nhttp:\/\/downloads.fedconevents.com\/images\/hotels\/hotel-maritim-bonn\/maritim_b-hotel-2.jpg<br \/>\nhttp:\/\/downloads.fedconevents.com\/images\/hotels\/hotel-maritim-bonn\/maritim_b-hotel-3.jpg<br \/>\nhttp:\/\/downloads.fedconevents.com\/images\/hotels\/hotel-maritim-bonn\/maritim_b-hotel-4.jpg<br \/>\nhttp:\/\/downloads.fedconevents.com\/images\/hotels\/hotel-maritim-bonn\/maritim_b-hotel-5.jpg<br \/>\nhttp:\/\/downloads.fedconevents.com\/images\/hotels\/hotel-maritim-bonn\/maritim_b-hotel-6.jpg<br \/>\nhttp:\/\/downloads.fedconevents.com\/images\/hotels\/hotel-maritim-bonn\/maritim_b-hotel-7.jpg<br \/>\nhttp:\/\/downloads.fedconevents.com\/images\/hotels\/hotel-maritim-bonn\/maritim_b-hotel-8.jpg<br \/>\nhttp:\/\/downloads.fedconevents.com\/images\/hotels\/hotel-maritim-bonn\/maritim_b-hotel-9.jpg<\/p>\n<p><strong>Weitere Leistungen <\/strong>(teilweise kostenpflichtig)<strong>:<\/strong><\/p>\n<ul>\n<li>Hallenschwimmbad<\/li>\n<li>Sauna<\/li>\n<li>Dampfbad<\/li>\n<li>Massage<\/li>\n<li>Solarium<\/li>\n<li>Fitnessger\u00e4te<\/li>\n<li>Kosmetikinstitut<\/li>\n<li>Sonnenterrasse<\/li>\n<li>Au\u00dfenstellpl\u00e4tze<\/li>\n<li>Tiefgarage<\/li>\n<\/ul>\n<p><strong>Adresse:<\/strong> Maritim Hotel Bonn | Kurt-Georg-Kiesinger-Allee 1 | 53175 Bonn<\/p>\n<p>Weitere \u00dcbernachtungsm\u00f6glichkeiten in Bonn<\/p>\n<p>Jugendg\u00e4steh\u00e4user<\/p>\n<p>Sehr hilfreich ist die Webseite Bonn Tourismus. Das elektronische Hotel-Buchungssystem beinhaltet mehr als 100 Hotels in der Region Bonn. Auf einfache und komfortable Weise erh\u00e4lt man einen \u00dcberblick der freien und aktuell buchbaren Hotel-Angebote in jeder Preisklasse. Hinweis: Der \u00dcbernachtungspreis versteht sich als Endpreis, also ohne zus\u00e4tzliche Buchungsgeb\u00fchren und immer inklusive Fr\u00fchst\u00fcck. Terminlich nicht verf\u00fcgbare Unterk\u00fcnfte werden in der \u00dcbersicht nicht dargestellt. Die Buchungsengine ist in 3 Sprachen verf\u00fcgbar.<\/p>\n<p>Deutsch \/ Englisch \/ Franz\u00f6sisch<br \/>\n<a href=\"http:\/\/www.carisma-engine.de\/Search\/Hotel\/searchBHotel.asp\" target=\"_blank\" class=\"fa fa-external-link rc-linkext\"> www.carisma-engine.de\/Search\/Hotel\/searchBHotel.asp<\/a>\nca. 30 Hotels, \u00dcbernachtungen von EZ: 29 \u2013 130 Euro \/ DZ: 30 \u2013 80 Euro<\/p>\n<p><strong>Jugendg\u00e4steh\u00e4user in Bonn:<\/strong><\/p>\n<a href=\"http:\/\/www.bonn-region.de\/deutsch\/hotels\/ferienwohnungen-und-jugendgaestehaeuser\/jugendgasthaeuser.html\" target=\"_blank\" class=\"fa fa-external-link rc-linkext\"> www.bonn-region.de\/deutsch\/hotels\/ferienwohnungen-und-jugendgaestehaeuser\/jugendgasthaeuser.html<\/a>\n<p>Haus Venusberg e.V.<\/p>\n<p><strong>Haus Venusberg e.V.<\/strong><br \/>\nHaager Weg 28-30<br \/>\n53127 Bonn<br \/>\nFon +49 228 289910<br \/>\nFax +49 228 2899159<br \/>\nE-Mail: tagungsstaette@haus-venusberg.de<br \/>\n<a href=\"http:\/\/www.haus-venusberg.de\" target=\"_blank\" class=\"fa fa-external-link rc-linkext\"> www.haus-venusberg.de<\/a>\n235 Betten, Preise: 20-27 Euro die \u00dcbernachtung<\/p>\n<p>Jugendherberge Bonn<\/p>\n<p><strong>Jugendherberge Bonn<\/strong><br \/>\nHaager Weg 42<br \/>\n53127 Bonn-Venusberg<br \/>\nFon +49 228 289970<br \/>\nFax +49 228 2899714<br \/>\nE-Mail: bonn@jugendherberge.de<br \/>\n<a href=\"http:\/\/www.bonn.jugendherberge.de\" target=\"_blank\" class=\"fa fa-external-link rc-linkext\"> www.bonn.jugendherberge.de<\/a>\n249 Betten, Preise: 23 \u2013 48 Euro<\/p>\n<p>CJD Bonn<\/p>\n<p><strong>CJD Bonn<\/strong><br \/>\nGraurheindorfer Str. 149<br \/>\n53117 Bonn<br \/>\nFon +49 228 98960<br \/>\nFax +49 228 9896111<br \/>\nE-Mail: cjd.bonn@cjd.de<br \/>\n<a href=\"http:\/\/www.cjd-bonn.de\" target=\"_blank\" class=\"fa fa-external-link rc-linkext\"> www.cjd-bonn.de<\/a>\n94 Zimmer (Einzel und Doppel): Preise: 55 Euro EZ \/ 77 Euro DZ<\/p>\n<p>Nicht online buchbar<\/p>\n<p><strong>Hotels und Pensionen, die nicht online buchbar sind:<\/strong><\/p>\n<a href=\"http:\/\/www.bonn-region.de\/deutsch\/hotels\/weitere-hotels-und-pensionen\/weitere-hotelspensionen-in-bonn-die-nicht-online-buchbar-sind.html\" target=\"_blank\" class=\"fa fa-external-link rc-linkext\"> www.bonn-region.de\/deutsch\/hotels\/weitere-hotels-und-pensionen\/weitere-hotelspensionen-in-bonn-die-nicht-online-buchbar-sind.html<\/a>\n<p><strong>Ferienwohnungen in Bonn:<\/strong><\/p>\n<a href=\"http:\/\/www.bonn-region.de\/deutsch\/hotels\/ferienwohnungen-und-jugendgaestehaeuser\/ferienwohnungen-in-bonn.html\" target=\"_blank\" class=\"fa fa-external-link rc-linkext\"> www.bonn-region.de\/deutsch\/hotels\/ferienwohnungen-und-jugendgaestehaeuser\/ferienwohnungen-in-bonn.html<\/a>\n<p>G\u00fcnnewig Hotel Bristol Bonn<\/p>\n<p><strong>G\u00fcnnewig Hotel Bristol Bonn<\/strong> 4-Sterne Superior<br \/>\nPrinz-Albert-Stra\u00dfe 2<br \/>\n53113 Bonn<br \/>\nFon +49 228 2698-0<br \/>\nFax +49 228 2698-222<br \/>\nE-Mail: bristol.bonn@guennewig.de<br \/>\n<a href=\"http:\/\/www.guennewig.de\" target=\"_blank\" class=\"fa fa-external-link rc-linkext\"> www.guennewig.de<\/a>\n163 Betten, Innenstadtlage, direkt am Hauptbahnhof, sehr gute Anbindung zur Stra\u00dfenbahn<\/p>\n<p><strong>Preise:<\/strong><br \/>\nab 99,00 Euro* pro Doppelzimmer inklusive Fr\u00fchst\u00fccksbuffet<br \/>\nab 79,00 Euro* im Einzelzimmer inklusive Fr\u00fchst\u00fccksbuffet<\/p>\n<p>G\u00fcnnewig Hotel Residence<\/p>\n<p><strong>G\u00fcnnewig Hotel Residence<\/strong> 4-Sterne<br \/>\nKaiserplatz 11<br \/>\n53113 Bonn<br \/>\nFon +49 228 2697-0<br \/>\nFax +49 228 2697-777<br \/>\nE-Mail: hotel.residence@guennewig.de<br \/>\n<a href=\"http:\/\/www.guennewig.de\" target=\"_blank\" class=\"fa fa-external-link rc-linkext\"> www.guennewig.de<\/a>\n259 Betten, Innenstadtlage, direkt am Hauptbahnhof, sehr gute Anbindung zur Stra\u00dfenbahn<\/p>\n<p><strong>Preise:<\/strong><br \/>\nab 99,00 Euro* pro Doppelzimmer inklusive Fr\u00fchst\u00fccksbuffet<br \/>\nab 79,00 Euro* im Einzelzimmer inklusive Fr\u00fchst\u00fccksbuffet<\/p>\n<p>Beherbergungssteuer<\/p>\n<p>*Seit dem 01.07.2015 erhebt die Stadt Bonn eine Beherbergungssteuer in H\u00f6he von 5% auf den reinen \u00dcbernachtungspreis f\u00fcr private, nicht beruflich veranlasste \u00dcbernachtungen. Die Abrechnung erfolgt bei Abreise und ist nicht im o.g. Preis inkludiert.<\/p>\n","protected":false},"excerpt":{"rendered":"<p>Das exklusive Hotel Maritim liegt direkt am fr\u00fcheren Regierungsviertel und am Gel\u00e4nde der ehemaligen Bundesgartenschau. Stilvolle Eleganz, internationales Flair und herzliche Gastfreundschaft ergeben eine ganz besondere<span class=\"excerpt-hellip\"> [\u2026]<\/span><\/p>\n","protected":false},"author":1,"featured_media":0,"parent":2614,"menu_order":0,"comment_status":"closed","ping_status":"closed","template":"","meta":{"footnotes":""},"yoast_head":"<!-- This site is optimized with the Yoast SEO plugin v22.5 - https:\/\/yoast.com\/wordpress\/plugins\/seo\/ -->\n<title>Hotel &amp; Anfahrt zur Convention | FEARCON<\/title>\n<meta name=\"description\" content=\"Das exklusive Hotel Maritim liegt direkt am fr\u00fcheren Regierungsviertel und am Gel\u00e4nde der ehemaligen Bundesgartenschau. Stilvolle Eleganz, ...\" \/>\n<meta name=\"robots\" content=\"index, follow, max-snippet:-1, max-image-preview:large, max-video-preview:-1\" \/>\n<link rel=\"canonical\" href=\"https:\/\/www.fearcon.de\/de\/info\/hotel-und-anfahrt-zur-convention\/\" \/>\n<meta property=\"og:locale\" content=\"de_DE\" \/>\n<meta property=\"og:type\" content=\"article\" \/>\n<meta property=\"og:title\" content=\"Hotel &amp; Anfahrt zur Convention | FEARCON\" \/>\n<meta property=\"og:description\" content=\"Das exklusive Hotel Maritim liegt direkt am fr\u00fcheren Regierungsviertel und am Gel\u00e4nde der ehemaligen Bundesgartenschau. Stilvolle Eleganz, ...\" \/>\n<meta property=\"og:url\" content=\"https:\/\/www.fearcon.de\/de\/info\/hotel-und-anfahrt-zur-convention\/\" \/>\n<meta property=\"og:site_name\" content=\"FEARCON\" \/>\n<meta property=\"article:publisher\" content=\"https:\/\/www.facebook.com\/FearCon\/\" \/>\n<meta property=\"article:modified_time\" content=\"2023-10-06T17:37:30+00:00\" \/>\n<meta name=\"twitter:card\" content=\"summary_large_image\" \/>\n<meta name=\"twitter:label1\" content=\"Gesch\u00e4tzte Lesezeit\" \/>\n\t<meta name=\"twitter:data1\" content=\"3\u00a0Minuten\" \/>\n<script type=\"application\/ld+json\" class=\"yoast-schema-graph\">{\"@context\":\"https:\/\/schema.org\",\"@graph\":[{\"@type\":\"WebPage\",\"@id\":\"https:\/\/www.fearcon.de\/de\/info\/hotel-und-anfahrt-zur-convention\/\",\"url\":\"https:\/\/www.fearcon.de\/de\/info\/hotel-und-anfahrt-zur-convention\/\",\"name\":\"Hotel & Anfahrt zur Convention | FEARCON\",\"isPartOf\":{\"@id\":\"https:\/\/www.fearcon.de\/de\/#website\"},\"datePublished\":\"2023-05-28T16:00:55+00:00\",\"dateModified\":\"2023-10-06T17:37:30+00:00\",\"description\":\"Das exklusive Hotel Maritim liegt direkt am fr\u00fcheren Regierungsviertel und am Gel\u00e4nde der ehemaligen Bundesgartenschau. Stilvolle Eleganz, ...\",\"breadcrumb\":{\"@id\":\"https:\/\/www.fearcon.de\/de\/info\/hotel-und-anfahrt-zur-convention\/#breadcrumb\"},\"inLanguage\":\"de\",\"potentialAction\":[{\"@type\":\"ReadAction\",\"target\":[\"https:\/\/www.fearcon.de\/de\/info\/hotel-und-anfahrt-zur-convention\/\"]}]},{\"@type\":\"BreadcrumbList\",\"@id\":\"https:\/\/www.fearcon.de\/de\/info\/hotel-und-anfahrt-zur-convention\/#breadcrumb\",\"itemListElement\":[{\"@type\":\"ListItem\",\"position\":1,\"name\":\"Home\",\"item\":\"https:\/\/www.fearcon.de\/de\/\"},{\"@type\":\"ListItem\",\"position\":2,\"name\":\"Info\",\"item\":\"https:\/\/www.fearcon.de\/de\/info\/\"},{\"@type\":\"ListItem\",\"position\":3,\"name\":\"Hotel &#038; Anfahrt zur Convention\"}]},{\"@type\":\"WebSite\",\"@id\":\"https:\/\/www.fearcon.de\/de\/#website\",\"url\":\"https:\/\/www.fearcon.de\/de\/\",\"name\":\"FEARCON\",\"description\":\"Triff deine Horror Stars\",\"potentialAction\":[{\"@type\":\"SearchAction\",\"target\":{\"@type\":\"EntryPoint\",\"urlTemplate\":\"https:\/\/www.fearcon.de\/de\/?s={search_term_string}\"},\"query-input\":\"required name=search_term_string\"}],\"inLanguage\":\"de\"}]}<\/script>\n<!-- \/ Yoast SEO plugin. -->","yoast_head_json":{"title":"Hotel & Anfahrt zur Convention | FEARCON","description":"Das exklusive Hotel Maritim liegt direkt am fr\u00fcheren Regierungsviertel und am Gel\u00e4nde der ehemaligen Bundesgartenschau. Stilvolle Eleganz, ...","robots":{"index":"index","follow":"follow","max-snippet":"max-snippet:-1","max-image-preview":"max-image-preview:large","max-video-preview":"max-video-preview:-1"},"canonical":"https:\/\/www.fearcon.de\/de\/info\/hotel-und-anfahrt-zur-convention\/","og_locale":"de_DE","og_type":"article","og_title":"Hotel & Anfahrt zur Convention | FEARCON","og_description":"Das exklusive Hotel Maritim liegt direkt am fr\u00fcheren Regierungsviertel und am Gel\u00e4nde der ehemaligen Bundesgartenschau. Stilvolle Eleganz, ...","og_url":"https:\/\/www.fearcon.de\/de\/info\/hotel-und-anfahrt-zur-convention\/","og_site_name":"FEARCON","article_publisher":"https:\/\/www.facebook.com\/FearCon\/","article_modified_time":"2023-10-06T17:37:30+00:00","twitter_card":"summary_large_image","twitter_misc":{"Gesch\u00e4tzte Lesezeit":"3\u00a0Minuten"},"schema":{"@context":"https:\/\/schema.org","@graph":[{"@type":"WebPage","@id":"https:\/\/www.fearcon.de\/de\/info\/hotel-und-anfahrt-zur-convention\/","url":"https:\/\/www.fearcon.de\/de\/info\/hotel-und-anfahrt-zur-convention\/","name":"Hotel & Anfahrt zur Convention | FEARCON","isPartOf":{"@id":"https:\/\/www.fearcon.de\/de\/#website"},"datePublished":"2023-05-28T16:00:55+00:00","dateModified":"2023-10-06T17:37:30+00:00","description":"Das exklusive Hotel Maritim liegt direkt am fr\u00fcheren Regierungsviertel und am Gel\u00e4nde der ehemaligen Bundesgartenschau. Stilvolle Eleganz, ...","breadcrumb":{"@id":"https:\/\/www.fearcon.de\/de\/info\/hotel-und-anfahrt-zur-convention\/#breadcrumb"},"inLanguage":"de","potentialAction":[{"@type":"ReadAction","target":["https:\/\/www.fearcon.de\/de\/info\/hotel-und-anfahrt-zur-convention\/"]}]},{"@type":"BreadcrumbList","@id":"https:\/\/www.fearcon.de\/de\/info\/hotel-und-anfahrt-zur-convention\/#breadcrumb","itemListElement":[{"@type":"ListItem","position":1,"name":"Home","item":"https:\/\/www.fearcon.de\/de\/"},{"@type":"ListItem","position":2,"name":"Info","item":"https:\/\/www.fearcon.de\/de\/info\/"},{"@type":"ListItem","position":3,"name":"Hotel &#038; Anfahrt zur Convention"}]},{"@type":"WebSite","@id":"https:\/\/www.fearcon.de\/de\/#website","url":"https:\/\/www.fearcon.de\/de\/","name":"FEARCON","description":"Triff deine Horror Stars","potentialAction":[{"@type":"SearchAction","target":{"@type":"EntryPoint","urlTemplate":"https:\/\/www.fearcon.de\/de\/?s={search_term_string}"},"query-input":"required name=search_term_string"}],"inLanguage":"de"}]}},"_links":{"self":[{"href":"https:\/\/www.fearcon.de\/de\/wp-json\/wp\/v2\/pages\/3308"}],"collection":[{"href":"https:\/\/www.fearcon.de\/de\/wp-json\/wp\/v2\/pages"}],"about":[{"href":"https:\/\/www.fearcon.de\/de\/wp-json\/wp\/v2\/types\/page"}],"author":[{"embeddable":true,"href":"https:\/\/www.fearcon.de\/de\/wp-json\/wp\/v2\/users\/1"}],"replies":[{"embeddable":true,"href":"https:\/\/www.fearcon.de\/de\/wp-json\/wp\/v2\/comments?post=3308"}],"version-history":[{"count":5,"href":"https:\/\/www.fearcon.de\/de\/wp-json\/wp\/v2\/pages\/3308\/revisions"}],"predecessor-version":[{"id":7490,"href":"https:\/\/www.fearcon.de\/de\/wp-json\/wp\/v2\/pages\/3308\/revisions\/7490"}],"up":[{"embeddable":true,"href":"https:\/\/www.fearcon.de\/de\/wp-json\/wp\/v2\/pages\/2614"}],"wp:attachment":[{"href":"https:\/\/www.fearcon.de\/de\/wp-json\/wp\/v2\/media?parent=3308"}],"curies":[{"name":"wp","href":"https:\/\/api.w.org\/{rel}","templated":true}]}}