{"id":3316,"date":"2016-02-14T21:57:25","date_gmt":"2016-02-14T20:57:25","guid":{"rendered":"https:\/\/www.fearcon.de\/de\/?page_id=3316"},"modified":"2024-08-26T17:35:27","modified_gmt":"2024-08-26T15:35:27","slug":"marketing-und-sponsoring","status":"publish","type":"page","link":"https:\/\/www.fearcon.de\/de\/info\/marketing-und-sponsoring\/","title":{"rendered":"Marketing &#038; Sponsoring"},"content":{"rendered":"<p>M\u00f6glichkeiten der Zusammenarbeit &#8211; Sponsoring: Finanzielle Unterst\u00fctzung der Veranstaltung als direkter Kooperationspartner. Wir bieten daf\u00fcr eine umfangreiche Einbindung in s\u00e4mtliche Werbe- und Pr\u00e4sentationsmittel der Veranstaltung, sowie in den Ablauf der Veranstaltung selbst.<\/p>\n<p>Werbesupport &#8211; Banner: Wir w\u00fcrden uns sehr freuen, wenn Sie Informationsmaterial zur <strong><em><\/em><\/strong> und werbliche Hinweise im Rahmen Ihrer Promotion-Aktivit\u00e4ten platzieren k\u00f6nnen. F\u00fcr Internet Support stehen Ihnen eine Reihe von Werbebannern zur Verf\u00fcgung, die Sie gerne bei unserer Presse-Abteilung anfordern k\u00f6nnen. Adresse f\u00fcr Ihren Link zu uns: https:\/\/www.fearcon.de\n<p>Messestand auf der <strong><em><\/em><\/strong>: Direkte Pr\u00e4senz Ihres Unternehmens mit einem Messestand im Rahmen der <strong><em><\/em><\/strong>. Sie pr\u00e4sentieren z.B. Ihre Produktpalette, beraten interessierte Besucher usw. Die Standbetreuung kann auf Wunsch auch durch unsere Mitarbeiter unterst\u00fctzt werden.<\/p>\n<p>Preise: Stiftung von Preisen f\u00fcr die zahlreichen Programmpunkte (z. B. Kost\u00fcmwettbewerb, Artshow).<\/p>\n<p>Anzeigen: F\u00fcr Werbema\u00dfnahmen stehen u. a. das Souvenir-Programm, die Eintrittskarte und weitere Optionen zur Verf\u00fcgung.<\/p>\n<p>Con-Package: Alle Besucher erhalten das Con-Package, das neben dem Souvenir-Magazin eine Reihe von Zusatzleistungen (z. B. Kugelschreiber mit Con-Logo, Give Aways usw.) enth\u00e4lt. Sie k\u00f6nnen ebenfalls mit Give-Aways, Leaflets usw. dabei sein.<\/p>\n<strong><em><\/em><\/strong> Package: Zu einem interessanten Preis bekommen Sie unsere <strong><em><\/em><\/strong> Packages, in ihnen enthalten sind: Beilage im Con-Package, Anzeige im Souvenir Magazin und ein Messestand auf der <strong><em><\/em><\/strong>.<\/p>\n<div class=\"alert alert_warning\"><div class=\"alert_icon\"><svg viewBox=\"0 0 28 28\" aria-label=\"warning alert icon\"><defs><style>.path{fill:none;stroke:#000;stroke-miterlimit:10;stroke-width:1.5px;}<\/style><\/defs><g><circle class=\"path\" cx=\"14\" cy=\"14\" r=\"12\"\/><line class=\"path\" x1=\"11.5\" y1=\"17.25\" x2=\"16.5\" y2=\"17.25\"\/><path class=\"path\" d=\"M16.46,17.8A3.94,3.94,0,0,1,17.64,15a4.61,4.61,0,0,0-.12-6.65A5.09,5.09,0,0,0,14,7h0A5.14,5.14,0,0,0,10.5,8.36,4.66,4.66,0,0,0,9,11.63a4.6,4.6,0,0,0,1.4,3.43,3.85,3.85,0,0,1,1.14,2.74h0V19c0,.87.59,2,1.67,2h1.58c1.08,0,1.67-1.16,1.67-2Z\"\/><\/g><\/svg><\/div><div class=\"alert_wrapper\">Unerlaubte Auslage von Flyern auf der <em><strong>FearCon<\/strong><\/em> wird entfernt und entsorgt, was von uns mit dem Wert eines gebuchten Sponsoring <span style=\"color: red;\">PLUS<\/span> einer Entsorgungspauschale berechnet wird.<\/div><a href=\"#\" class=\"close mfn-close-icon\"><span class=\"icon\">\u2715<\/span><\/a><\/div>\n\n","protected":false},"excerpt":{"rendered":"<p>M\u00f6glichkeiten der Zusammenarbeit &#8211; Sponsoring: Finanzielle Unterst\u00fctzung der Veranstaltung als direkter Kooperationspartner. Wir bieten daf\u00fcr eine umfangreiche Einbindung in s\u00e4mtliche Werbe- und Pr\u00e4sentationsmittel der Veranstaltung, sowie<span class=\"excerpt-hellip\"> [\u2026]<\/span><\/p>\n","protected":false},"author":1,"featured_media":0,"parent":2614,"menu_order":0,"comment_status":"closed","ping_status":"closed","template":"","meta":{"footnotes":""},"yoast_head":"<!-- This site is optimized with the Yoast SEO plugin v22.5 - https:\/\/yoast.com\/wordpress\/plugins\/seo\/ -->\n<title>Marketing &amp; Sponsoring | FEARCON<\/title>\n<meta name=\"description\" content=\"M\u00f6glichkeiten der Zusammenarbeit - Sponsoring: Finanzielle Unterst\u00fctzung der Veranstaltung als direkter Kooperationspartner. Wir bieten daf\u00fcr eine ...\" \/>\n<meta name=\"robots\" content=\"index, follow, max-snippet:-1, max-image-preview:large, max-video-preview:-1\" \/>\n<link rel=\"canonical\" href=\"https:\/\/www.fearcon.de\/de\/info\/marketing-und-sponsoring\/\" \/>\n<meta property=\"og:locale\" content=\"de_DE\" \/>\n<meta property=\"og:type\" content=\"article\" \/>\n<meta property=\"og:title\" content=\"Marketing &amp; Sponsoring | FEARCON\" \/>\n<meta property=\"og:description\" content=\"M\u00f6glichkeiten der Zusammenarbeit - Sponsoring: Finanzielle Unterst\u00fctzung der Veranstaltung als direkter Kooperationspartner. Wir bieten daf\u00fcr eine ...\" \/>\n<meta property=\"og:url\" content=\"https:\/\/www.fearcon.de\/de\/info\/marketing-und-sponsoring\/\" \/>\n<meta property=\"og:site_name\" content=\"FEARCON\" \/>\n<meta property=\"article:publisher\" content=\"https:\/\/www.facebook.com\/FearCon\/\" \/>\n<meta property=\"article:modified_time\" content=\"2024-08-26T15:35:27+00:00\" \/>\n<meta name=\"twitter:card\" content=\"summary_large_image\" \/>\n<meta name=\"twitter:label1\" content=\"Gesch\u00e4tzte Lesezeit\" \/>\n\t<meta name=\"twitter:data1\" content=\"2\u00a0Minuten\" \/>\n<script type=\"application\/ld+json\" class=\"yoast-schema-graph\">{\"@context\":\"https:\/\/schema.org\",\"@graph\":[{\"@type\":\"WebPage\",\"@id\":\"https:\/\/www.fearcon.de\/de\/info\/marketing-und-sponsoring\/\",\"url\":\"https:\/\/www.fearcon.de\/de\/info\/marketing-und-sponsoring\/\",\"name\":\"Marketing & Sponsoring | FEARCON\",\"isPartOf\":{\"@id\":\"https:\/\/www.fearcon.de\/de\/#website\"},\"datePublished\":\"2016-02-14T20:57:25+00:00\",\"dateModified\":\"2024-08-26T15:35:27+00:00\",\"description\":\"M\u00f6glichkeiten der Zusammenarbeit - Sponsoring: Finanzielle Unterst\u00fctzung der Veranstaltung als direkter Kooperationspartner. Wir bieten daf\u00fcr eine ...\",\"breadcrumb\":{\"@id\":\"https:\/\/www.fearcon.de\/de\/info\/marketing-und-sponsoring\/#breadcrumb\"},\"inLanguage\":\"de\",\"potentialAction\":[{\"@type\":\"ReadAction\",\"target\":[\"https:\/\/www.fearcon.de\/de\/info\/marketing-und-sponsoring\/\"]}]},{\"@type\":\"BreadcrumbList\",\"@id\":\"https:\/\/www.fearcon.de\/de\/info\/marketing-und-sponsoring\/#breadcrumb\",\"itemListElement\":[{\"@type\":\"ListItem\",\"position\":1,\"name\":\"Home\",\"item\":\"https:\/\/www.fearcon.de\/de\/\"},{\"@type\":\"ListItem\",\"position\":2,\"name\":\"Info\",\"item\":\"https:\/\/www.fearcon.de\/de\/info\/\"},{\"@type\":\"ListItem\",\"position\":3,\"name\":\"Marketing &#038; Sponsoring\"}]},{\"@type\":\"WebSite\",\"@id\":\"https:\/\/www.fearcon.de\/de\/#website\",\"url\":\"https:\/\/www.fearcon.de\/de\/\",\"name\":\"FEARCON\",\"description\":\"Triff deine Horror Stars\",\"potentialAction\":[{\"@type\":\"SearchAction\",\"target\":{\"@type\":\"EntryPoint\",\"urlTemplate\":\"https:\/\/www.fearcon.de\/de\/?s={search_term_string}\"},\"query-input\":\"required name=search_term_string\"}],\"inLanguage\":\"de\"}]}<\/script>\n<!-- \/ Yoast SEO plugin. -->","yoast_head_json":{"title":"Marketing & Sponsoring | FEARCON","description":"M\u00f6glichkeiten der Zusammenarbeit - Sponsoring: Finanzielle Unterst\u00fctzung der Veranstaltung als direkter Kooperationspartner. Wir bieten daf\u00fcr eine ...","robots":{"index":"index","follow":"follow","max-snippet":"max-snippet:-1","max-image-preview":"max-image-preview:large","max-video-preview":"max-video-preview:-1"},"canonical":"https:\/\/www.fearcon.de\/de\/info\/marketing-und-sponsoring\/","og_locale":"de_DE","og_type":"article","og_title":"Marketing & Sponsoring | FEARCON","og_description":"M\u00f6glichkeiten der Zusammenarbeit - Sponsoring: Finanzielle Unterst\u00fctzung der Veranstaltung als direkter Kooperationspartner. Wir bieten daf\u00fcr eine ...","og_url":"https:\/\/www.fearcon.de\/de\/info\/marketing-und-sponsoring\/","og_site_name":"FEARCON","article_publisher":"https:\/\/www.facebook.com\/FearCon\/","article_modified_time":"2024-08-26T15:35:27+00:00","twitter_card":"summary_large_image","twitter_misc":{"Gesch\u00e4tzte Lesezeit":"2\u00a0Minuten"},"schema":{"@context":"https:\/\/schema.org","@graph":[{"@type":"WebPage","@id":"https:\/\/www.fearcon.de\/de\/info\/marketing-und-sponsoring\/","url":"https:\/\/www.fearcon.de\/de\/info\/marketing-und-sponsoring\/","name":"Marketing & Sponsoring | FEARCON","isPartOf":{"@id":"https:\/\/www.fearcon.de\/de\/#website"},"datePublished":"2016-02-14T20:57:25+00:00","dateModified":"2024-08-26T15:35:27+00:00","description":"M\u00f6glichkeiten der Zusammenarbeit - Sponsoring: Finanzielle Unterst\u00fctzung der Veranstaltung als direkter Kooperationspartner. Wir bieten daf\u00fcr eine ...","breadcrumb":{"@id":"https:\/\/www.fearcon.de\/de\/info\/marketing-und-sponsoring\/#breadcrumb"},"inLanguage":"de","potentialAction":[{"@type":"ReadAction","target":["https:\/\/www.fearcon.de\/de\/info\/marketing-und-sponsoring\/"]}]},{"@type":"BreadcrumbList","@id":"https:\/\/www.fearcon.de\/de\/info\/marketing-und-sponsoring\/#breadcrumb","itemListElement":[{"@type":"ListItem","position":1,"name":"Home","item":"https:\/\/www.fearcon.de\/de\/"},{"@type":"ListItem","position":2,"name":"Info","item":"https:\/\/www.fearcon.de\/de\/info\/"},{"@type":"ListItem","position":3,"name":"Marketing &#038; Sponsoring"}]},{"@type":"WebSite","@id":"https:\/\/www.fearcon.de\/de\/#website","url":"https:\/\/www.fearcon.de\/de\/","name":"FEARCON","description":"Triff deine Horror Stars","potentialAction":[{"@type":"SearchAction","target":{"@type":"EntryPoint","urlTemplate":"https:\/\/www.fearcon.de\/de\/?s={search_term_string}"},"query-input":"required name=search_term_string"}],"inLanguage":"de"}]}},"_links":{"self":[{"href":"https:\/\/www.fearcon.de\/de\/wp-json\/wp\/v2\/pages\/3316"}],"collection":[{"href":"https:\/\/www.fearcon.de\/de\/wp-json\/wp\/v2\/pages"}],"about":[{"href":"https:\/\/www.fearcon.de\/de\/wp-json\/wp\/v2\/types\/page"}],"author":[{"embeddable":true,"href":"https:\/\/www.fearcon.de\/de\/wp-json\/wp\/v2\/users\/1"}],"replies":[{"embeddable":true,"href":"https:\/\/www.fearcon.de\/de\/wp-json\/wp\/v2\/comments?post=3316"}],"version-history":[{"count":7,"href":"https:\/\/www.fearcon.de\/de\/wp-json\/wp\/v2\/pages\/3316\/revisions"}],"predecessor-version":[{"id":11984,"href":"https:\/\/www.fearcon.de\/de\/wp-json\/wp\/v2\/pages\/3316\/revisions\/11984"}],"up":[{"embeddable":true,"href":"https:\/\/www.fearcon.de\/de\/wp-json\/wp\/v2\/pages\/2614"}],"wp:attachment":[{"href":"https:\/\/www.fearcon.de\/de\/wp-json\/wp\/v2\/media?parent=3316"}],"curies":[{"name":"wp","href":"https:\/\/api.w.org\/{rel}","templated":true}]}}