{"id":3910,"date":"2023-05-28T18:00:34","date_gmt":"2023-05-28T16:00:34","guid":{"rendered":"https:\/\/www.fearcon.de\/de\/?page_id=3910"},"modified":"2024-08-26T17:23:21","modified_gmt":"2024-08-26T15:23:21","slug":"autogramme","status":"publish","type":"page","link":"https:\/\/www.fearcon.de\/de\/highlights\/autogramme\/","title":{"rendered":"Autogramme"},"content":{"rendered":"<p>Auf der <em><strong>FearCon<\/strong><\/em> hast du die Chance, Autogramme von unseren Starg\u00e4sten zu erwerben, die live und in Person gegeben werden. Bedingt durch den gro\u00dfen Ansturm und den langen Schlangen haben wir auch auf der <em><strong>FearCon 2<\/strong><\/em> unser bew\u00e4hrtes System:<\/p>\n<p>Um die Autogrammstunden ohne lange Wartezeiten ablaufen zu lassen, werden wir die Teilnehmer nach ihren Teilnehmer-Kategorien und -Nummern einlassen. Das bedeutet, dass erst die Inhaber der <strong>Platin-<\/strong>, <strong>Gold-<\/strong> und <strong>Silber-Tickets<\/strong> eingelassen werden. Darauf folgen die regul\u00e4ren <strong>Wochenendtickets<\/strong>. Bei den Wochenendtickets wird der Einlass nach Teilnehmernummern geregelt.<\/p>\n<p>Nur diese Nummern d\u00fcrfen sich anstellen. Stellt euch dann bitte in der Autogrammstunde in die entsprechenden Reihen ZUM ENTSPRECHENDEN STAR an, f\u00fcr den ihr einen Gutschein gekauft habt. Nachdem ihr euer Autogramm bekommen habt, stellt ihr euch in die n\u00e4chste Reihe f\u00fcr den n\u00e4chsten Star an.<\/p>\n<p><strong>Tageskarten<\/strong> erm\u00f6glichen den Einlass in der letzten Stunde der Autogrammstunde, bitte beachtet die aktuellen Informationen w\u00e4hrend der Autogrammstunden.<\/p>\n","protected":false},"excerpt":{"rendered":"<p>Auf der hast du die Chance, Autogramme von unseren Starg\u00e4sten zu erwerben, die live und in Person gegeben werden. Bedingt durch den gro\u00dfen Ansturm und den<span class=\"excerpt-hellip\"> [\u2026]<\/span><\/p>\n","protected":false},"author":1,"featured_media":0,"parent":2644,"menu_order":0,"comment_status":"closed","ping_status":"closed","template":"","meta":{"footnotes":""},"yoast_head":"<!-- This site is optimized with the Yoast SEO plugin v22.5 - https:\/\/yoast.com\/wordpress\/plugins\/seo\/ -->\n<title>Autogramme | FEARCON<\/title>\n<meta name=\"description\" content=\"Auf der FedCon hast du die einzigartige Chance, Autogramme von unseren Starg\u00e4sten zu erwerben, die live und in Person gegeben werden.\" \/>\n<meta name=\"robots\" content=\"index, follow, max-snippet:-1, max-image-preview:large, max-video-preview:-1\" \/>\n<link rel=\"canonical\" href=\"https:\/\/www.fearcon.de\/de\/highlights\/autogramme\/\" \/>\n<meta property=\"og:locale\" content=\"de_DE\" \/>\n<meta property=\"og:type\" content=\"article\" \/>\n<meta property=\"og:title\" content=\"Autogramme | FEARCON\" \/>\n<meta property=\"og:description\" content=\"Auf der FedCon hast du die einzigartige Chance, Autogramme von unseren Starg\u00e4sten zu erwerben, die live und in Person gegeben werden.\" \/>\n<meta property=\"og:url\" content=\"https:\/\/www.fearcon.de\/de\/highlights\/autogramme\/\" \/>\n<meta property=\"og:site_name\" content=\"FEARCON\" \/>\n<meta property=\"article:publisher\" content=\"https:\/\/www.facebook.com\/FearCon\/\" \/>\n<meta property=\"article:modified_time\" content=\"2024-08-26T15:23:21+00:00\" \/>\n<meta name=\"twitter:card\" content=\"summary_large_image\" \/>\n<meta name=\"twitter:label1\" content=\"Gesch\u00e4tzte Lesezeit\" \/>\n\t<meta name=\"twitter:data1\" content=\"1\u00a0Minute\" \/>\n<script type=\"application\/ld+json\" class=\"yoast-schema-graph\">{\"@context\":\"https:\/\/schema.org\",\"@graph\":[{\"@type\":\"WebPage\",\"@id\":\"https:\/\/www.fearcon.de\/de\/highlights\/autogramme\/\",\"url\":\"https:\/\/www.fearcon.de\/de\/highlights\/autogramme\/\",\"name\":\"Autogramme | FEARCON\",\"isPartOf\":{\"@id\":\"https:\/\/www.fearcon.de\/de\/#website\"},\"datePublished\":\"2023-05-28T16:00:34+00:00\",\"dateModified\":\"2024-08-26T15:23:21+00:00\",\"description\":\"Auf der FedCon hast du die einzigartige Chance, Autogramme von unseren Starg\u00e4sten zu erwerben, die live und in Person gegeben werden.\",\"breadcrumb\":{\"@id\":\"https:\/\/www.fearcon.de\/de\/highlights\/autogramme\/#breadcrumb\"},\"inLanguage\":\"de\",\"potentialAction\":[{\"@type\":\"ReadAction\",\"target\":[\"https:\/\/www.fearcon.de\/de\/highlights\/autogramme\/\"]}]},{\"@type\":\"BreadcrumbList\",\"@id\":\"https:\/\/www.fearcon.de\/de\/highlights\/autogramme\/#breadcrumb\",\"itemListElement\":[{\"@type\":\"ListItem\",\"position\":1,\"name\":\"Home\",\"item\":\"https:\/\/www.fearcon.de\/de\/\"},{\"@type\":\"ListItem\",\"position\":2,\"name\":\"Highlights\",\"item\":\"https:\/\/www.fearcon.de\/de\/highlights\/\"},{\"@type\":\"ListItem\",\"position\":3,\"name\":\"Autogramme\"}]},{\"@type\":\"WebSite\",\"@id\":\"https:\/\/www.fearcon.de\/de\/#website\",\"url\":\"https:\/\/www.fearcon.de\/de\/\",\"name\":\"FEARCON\",\"description\":\"Triff deine Horror Stars\",\"potentialAction\":[{\"@type\":\"SearchAction\",\"target\":{\"@type\":\"EntryPoint\",\"urlTemplate\":\"https:\/\/www.fearcon.de\/de\/?s={search_term_string}\"},\"query-input\":\"required name=search_term_string\"}],\"inLanguage\":\"de\"}]}<\/script>\n<!-- \/ Yoast SEO plugin. -->","yoast_head_json":{"title":"Autogramme | FEARCON","description":"Auf der FedCon hast du die einzigartige Chance, Autogramme von unseren Starg\u00e4sten zu erwerben, die live und in Person gegeben werden.","robots":{"index":"index","follow":"follow","max-snippet":"max-snippet:-1","max-image-preview":"max-image-preview:large","max-video-preview":"max-video-preview:-1"},"canonical":"https:\/\/www.fearcon.de\/de\/highlights\/autogramme\/","og_locale":"de_DE","og_type":"article","og_title":"Autogramme | FEARCON","og_description":"Auf der FedCon hast du die einzigartige Chance, Autogramme von unseren Starg\u00e4sten zu erwerben, die live und in Person gegeben werden.","og_url":"https:\/\/www.fearcon.de\/de\/highlights\/autogramme\/","og_site_name":"FEARCON","article_publisher":"https:\/\/www.facebook.com\/FearCon\/","article_modified_time":"2024-08-26T15:23:21+00:00","twitter_card":"summary_large_image","twitter_misc":{"Gesch\u00e4tzte Lesezeit":"1\u00a0Minute"},"schema":{"@context":"https:\/\/schema.org","@graph":[{"@type":"WebPage","@id":"https:\/\/www.fearcon.de\/de\/highlights\/autogramme\/","url":"https:\/\/www.fearcon.de\/de\/highlights\/autogramme\/","name":"Autogramme | FEARCON","isPartOf":{"@id":"https:\/\/www.fearcon.de\/de\/#website"},"datePublished":"2023-05-28T16:00:34+00:00","dateModified":"2024-08-26T15:23:21+00:00","description":"Auf der FedCon hast du die einzigartige Chance, Autogramme von unseren Starg\u00e4sten zu erwerben, die live und in Person gegeben werden.","breadcrumb":{"@id":"https:\/\/www.fearcon.de\/de\/highlights\/autogramme\/#breadcrumb"},"inLanguage":"de","potentialAction":[{"@type":"ReadAction","target":["https:\/\/www.fearcon.de\/de\/highlights\/autogramme\/"]}]},{"@type":"BreadcrumbList","@id":"https:\/\/www.fearcon.de\/de\/highlights\/autogramme\/#breadcrumb","itemListElement":[{"@type":"ListItem","position":1,"name":"Home","item":"https:\/\/www.fearcon.de\/de\/"},{"@type":"ListItem","position":2,"name":"Highlights","item":"https:\/\/www.fearcon.de\/de\/highlights\/"},{"@type":"ListItem","position":3,"name":"Autogramme"}]},{"@type":"WebSite","@id":"https:\/\/www.fearcon.de\/de\/#website","url":"https:\/\/www.fearcon.de\/de\/","name":"FEARCON","description":"Triff deine Horror Stars","potentialAction":[{"@type":"SearchAction","target":{"@type":"EntryPoint","urlTemplate":"https:\/\/www.fearcon.de\/de\/?s={search_term_string}"},"query-input":"required name=search_term_string"}],"inLanguage":"de"}]}},"_links":{"self":[{"href":"https:\/\/www.fearcon.de\/de\/wp-json\/wp\/v2\/pages\/3910"}],"collection":[{"href":"https:\/\/www.fearcon.de\/de\/wp-json\/wp\/v2\/pages"}],"about":[{"href":"https:\/\/www.fearcon.de\/de\/wp-json\/wp\/v2\/types\/page"}],"author":[{"embeddable":true,"href":"https:\/\/www.fearcon.de\/de\/wp-json\/wp\/v2\/users\/1"}],"replies":[{"embeddable":true,"href":"https:\/\/www.fearcon.de\/de\/wp-json\/wp\/v2\/comments?post=3910"}],"version-history":[{"count":6,"href":"https:\/\/www.fearcon.de\/de\/wp-json\/wp\/v2\/pages\/3910\/revisions"}],"predecessor-version":[{"id":11979,"href":"https:\/\/www.fearcon.de\/de\/wp-json\/wp\/v2\/pages\/3910\/revisions\/11979"}],"up":[{"embeddable":true,"href":"https:\/\/www.fearcon.de\/de\/wp-json\/wp\/v2\/pages\/2644"}],"wp:attachment":[{"href":"https:\/\/www.fearcon.de\/de\/wp-json\/wp\/v2\/media?parent=3910"}],"curies":[{"name":"wp","href":"https:\/\/api.w.org\/{rel}","templated":true}]}}