{"id":5372,"date":"2017-11-27T10:22:19","date_gmt":"2017-11-27T09:22:19","guid":{"rendered":"https:\/\/www.fearcon.de\/?page_id=5372"},"modified":"2024-08-26T15:38:09","modified_gmt":"2024-08-26T13:38:09","slug":"special-events","status":"publish","type":"page","link":"https:\/\/www.fearcon.de\/de\/highlights\/special-events\/","title":{"rendered":"Special Events"},"content":{"rendered":"<p>Unter dem Motto <strong>Special Events<\/strong> vereinen sich auf der\u00a0<em><strong>FearCon<\/strong><\/em> besondere Programmh\u00f6hepunkte, die beim Eventbesuch unbedingt auf der \u201eTo-do\u201c-Liste stehen sollten.<\/p>\n<p>Das ganze Spektrum der Fan-Kreativit\u00e4t er\u00f6ffnet sich z. B. bei der Art-Show, wo es jede Menge zu bestaunen gibt. Weitere Highlights sind Sonderausstellungen oder Live-Pr\u00e4sentationen rund ums Horror. Freut euch auf kurzweilige Unterhaltung und jede Menge Abwechslung.<\/p>\n<p>Auch Party- und Musikliebhaber kommen auf der\u00a0<em><strong>FearCon<\/strong><\/em> immer wieder in den Genuss au\u00dfergew\u00f6hnlicher Eventerlebnisse. Von der Themenparty bis hin zu exklusiven Livekonzerten ist in der Tat f\u00fcr jeden Geschmack etwas dabei.<\/p>\n<p>Checkt einfach an dieser Stelle immer wieder mal das aktuelle Angebot der <strong>Special Events<\/strong> auf der <em><strong>FearCon<\/strong><\/em> oder abonniert gleich den Newsletter.<\/p>\n<p><!--Auf der <em><strong>FedCon<\/strong><\/em> werden die verschiedensten Workshops angeboten. Vom Tanz und Gesang, bis hin zu Stunt, Selbstverteidigung, Masken bauen, Schminken, Malen und Zeichnen ist hier alles dabei. Schaut euch einfach unser Angebot an und sucht euch die Workshops aus, die euch interessieren.\n\n[blog count=\"15\" category=\"workshops\" style=\"modern\" greyscale=\"0\" more=\"1\" pagination=\"1\"]--><\/p>\n","protected":false},"excerpt":{"rendered":"<p>Unter dem Motto Special Events vereinen sich auf der\u00a0 besondere Programmh\u00f6hepunkte, die beim Eventbesuch unbedingt auf der \u201eTo-do\u201c-Liste stehen sollten. Das ganze Spektrum der Fan-Kreativit\u00e4t er\u00f6ffnet<span class=\"excerpt-hellip\"> [\u2026]<\/span><\/p>\n","protected":false},"author":1,"featured_media":0,"parent":2644,"menu_order":0,"comment_status":"closed","ping_status":"closed","template":"","meta":{"footnotes":""},"yoast_head":"<!-- This site is optimized with the Yoast SEO plugin v22.5 - https:\/\/yoast.com\/wordpress\/plugins\/seo\/ -->\n<title>Special Events auf der FEARCON - Programm-Highlights<\/title>\n<meta name=\"description\" content=\"Unter dem Motto Special Events vereinen sich besondere Programmh\u00f6hepunkte, die unbedingt auf der \u201eTo-do\u201c-Liste stehen sollten.\" \/>\n<meta name=\"robots\" content=\"index, follow, max-snippet:-1, max-image-preview:large, max-video-preview:-1\" \/>\n<link rel=\"canonical\" href=\"https:\/\/www.fearcon.de\/de\/highlights\/special-events\/\" \/>\n<meta property=\"og:locale\" content=\"de_DE\" \/>\n<meta property=\"og:type\" content=\"article\" \/>\n<meta property=\"og:title\" content=\"Special Events auf der FEARCON - Programm-Highlights\" \/>\n<meta property=\"og:description\" content=\"Unter dem Motto Special Events vereinen sich besondere Programmh\u00f6hepunkte, die unbedingt auf der \u201eTo-do\u201c-Liste stehen sollten.\" \/>\n<meta property=\"og:url\" content=\"https:\/\/www.fearcon.de\/de\/highlights\/special-events\/\" \/>\n<meta property=\"og:site_name\" content=\"FEARCON\" \/>\n<meta property=\"article:publisher\" content=\"https:\/\/www.facebook.com\/FearCon\/\" \/>\n<meta property=\"article:modified_time\" content=\"2024-08-26T13:38:09+00:00\" \/>\n<meta name=\"twitter:card\" content=\"summary_large_image\" \/>\n<meta name=\"twitter:label1\" content=\"Gesch\u00e4tzte Lesezeit\" \/>\n\t<meta name=\"twitter:data1\" content=\"1\u00a0Minute\" \/>\n<script type=\"application\/ld+json\" class=\"yoast-schema-graph\">{\"@context\":\"https:\/\/schema.org\",\"@graph\":[{\"@type\":\"WebPage\",\"@id\":\"https:\/\/www.fearcon.de\/de\/highlights\/special-events\/\",\"url\":\"https:\/\/www.fearcon.de\/de\/highlights\/special-events\/\",\"name\":\"Special Events auf der FEARCON - Programm-Highlights\",\"isPartOf\":{\"@id\":\"https:\/\/www.fearcon.de\/de\/#website\"},\"datePublished\":\"2017-11-27T09:22:19+00:00\",\"dateModified\":\"2024-08-26T13:38:09+00:00\",\"description\":\"Unter dem Motto Special Events vereinen sich besondere Programmh\u00f6hepunkte, die unbedingt auf der \u201eTo-do\u201c-Liste stehen sollten.\",\"breadcrumb\":{\"@id\":\"https:\/\/www.fearcon.de\/de\/highlights\/special-events\/#breadcrumb\"},\"inLanguage\":\"de\",\"potentialAction\":[{\"@type\":\"ReadAction\",\"target\":[\"https:\/\/www.fearcon.de\/de\/highlights\/special-events\/\"]}]},{\"@type\":\"BreadcrumbList\",\"@id\":\"https:\/\/www.fearcon.de\/de\/highlights\/special-events\/#breadcrumb\",\"itemListElement\":[{\"@type\":\"ListItem\",\"position\":1,\"name\":\"Home\",\"item\":\"https:\/\/www.fearcon.de\/de\/\"},{\"@type\":\"ListItem\",\"position\":2,\"name\":\"Highlights\",\"item\":\"https:\/\/www.fearcon.de\/de\/highlights\/\"},{\"@type\":\"ListItem\",\"position\":3,\"name\":\"Special Events\"}]},{\"@type\":\"WebSite\",\"@id\":\"https:\/\/www.fearcon.de\/de\/#website\",\"url\":\"https:\/\/www.fearcon.de\/de\/\",\"name\":\"FEARCON\",\"description\":\"Triff deine Horror Stars\",\"potentialAction\":[{\"@type\":\"SearchAction\",\"target\":{\"@type\":\"EntryPoint\",\"urlTemplate\":\"https:\/\/www.fearcon.de\/de\/?s={search_term_string}\"},\"query-input\":\"required name=search_term_string\"}],\"inLanguage\":\"de\"}]}<\/script>\n<!-- \/ Yoast SEO plugin. -->","yoast_head_json":{"title":"Special Events auf der FEARCON - Programm-Highlights","description":"Unter dem Motto Special Events vereinen sich besondere Programmh\u00f6hepunkte, die unbedingt auf der \u201eTo-do\u201c-Liste stehen sollten.","robots":{"index":"index","follow":"follow","max-snippet":"max-snippet:-1","max-image-preview":"max-image-preview:large","max-video-preview":"max-video-preview:-1"},"canonical":"https:\/\/www.fearcon.de\/de\/highlights\/special-events\/","og_locale":"de_DE","og_type":"article","og_title":"Special Events auf der FEARCON - Programm-Highlights","og_description":"Unter dem Motto Special Events vereinen sich besondere Programmh\u00f6hepunkte, die unbedingt auf der \u201eTo-do\u201c-Liste stehen sollten.","og_url":"https:\/\/www.fearcon.de\/de\/highlights\/special-events\/","og_site_name":"FEARCON","article_publisher":"https:\/\/www.facebook.com\/FearCon\/","article_modified_time":"2024-08-26T13:38:09+00:00","twitter_card":"summary_large_image","twitter_misc":{"Gesch\u00e4tzte Lesezeit":"1\u00a0Minute"},"schema":{"@context":"https:\/\/schema.org","@graph":[{"@type":"WebPage","@id":"https:\/\/www.fearcon.de\/de\/highlights\/special-events\/","url":"https:\/\/www.fearcon.de\/de\/highlights\/special-events\/","name":"Special Events auf der FEARCON - Programm-Highlights","isPartOf":{"@id":"https:\/\/www.fearcon.de\/de\/#website"},"datePublished":"2017-11-27T09:22:19+00:00","dateModified":"2024-08-26T13:38:09+00:00","description":"Unter dem Motto Special Events vereinen sich besondere Programmh\u00f6hepunkte, die unbedingt auf der \u201eTo-do\u201c-Liste stehen sollten.","breadcrumb":{"@id":"https:\/\/www.fearcon.de\/de\/highlights\/special-events\/#breadcrumb"},"inLanguage":"de","potentialAction":[{"@type":"ReadAction","target":["https:\/\/www.fearcon.de\/de\/highlights\/special-events\/"]}]},{"@type":"BreadcrumbList","@id":"https:\/\/www.fearcon.de\/de\/highlights\/special-events\/#breadcrumb","itemListElement":[{"@type":"ListItem","position":1,"name":"Home","item":"https:\/\/www.fearcon.de\/de\/"},{"@type":"ListItem","position":2,"name":"Highlights","item":"https:\/\/www.fearcon.de\/de\/highlights\/"},{"@type":"ListItem","position":3,"name":"Special Events"}]},{"@type":"WebSite","@id":"https:\/\/www.fearcon.de\/de\/#website","url":"https:\/\/www.fearcon.de\/de\/","name":"FEARCON","description":"Triff deine Horror Stars","potentialAction":[{"@type":"SearchAction","target":{"@type":"EntryPoint","urlTemplate":"https:\/\/www.fearcon.de\/de\/?s={search_term_string}"},"query-input":"required name=search_term_string"}],"inLanguage":"de"}]}},"_links":{"self":[{"href":"https:\/\/www.fearcon.de\/de\/wp-json\/wp\/v2\/pages\/5372"}],"collection":[{"href":"https:\/\/www.fearcon.de\/de\/wp-json\/wp\/v2\/pages"}],"about":[{"href":"https:\/\/www.fearcon.de\/de\/wp-json\/wp\/v2\/types\/page"}],"author":[{"embeddable":true,"href":"https:\/\/www.fearcon.de\/de\/wp-json\/wp\/v2\/users\/1"}],"replies":[{"embeddable":true,"href":"https:\/\/www.fearcon.de\/de\/wp-json\/wp\/v2\/comments?post=5372"}],"version-history":[{"count":5,"href":"https:\/\/www.fearcon.de\/de\/wp-json\/wp\/v2\/pages\/5372\/revisions"}],"predecessor-version":[{"id":11974,"href":"https:\/\/www.fearcon.de\/de\/wp-json\/wp\/v2\/pages\/5372\/revisions\/11974"}],"up":[{"embeddable":true,"href":"https:\/\/www.fearcon.de\/de\/wp-json\/wp\/v2\/pages\/2644"}],"wp:attachment":[{"href":"https:\/\/www.fearcon.de\/de\/wp-json\/wp\/v2\/media?parent=5372"}],"curies":[{"name":"wp","href":"https:\/\/api.w.org\/{rel}","templated":true}]}}