{"id":6044,"date":"2018-04-06T11:58:06","date_gmt":"2018-04-06T09:58:06","guid":{"rendered":"https:\/\/www.fearcon.de\/?page_id=6044"},"modified":"2022-08-31T10:04:41","modified_gmt":"2022-08-31T08:04:41","slug":"menschen-mit-einschraenkungen","status":"publish","type":"page","link":"https:\/\/www.fearcon.de\/de\/info\/menschen-mit-einschraenkungen\/","title":{"rendered":"Menschen mit Einschr\u00e4nkungen"},"content":{"rendered":"<p>Das Team der <em><strong>FearCon<\/strong><\/em> freut sich, auch f\u00fcr Menschen mit Einschr\u00e4nkungen ein grundlegend tolles Convention-Erlebnis zu bieten und offeriert daher den <strong>Handicap Service<\/strong> auf der Veranstaltung.<\/p>\n<p>Personen mit im Ausweis eingetragener Begleitperson (Kennzeichung \u201eB\u201c) zahlen den vollen Ticketpreis, die Begleitperson ist kostenfrei mit dabei.<\/p>\n","protected":false},"excerpt":{"rendered":"<p>Das Team der freut sich, auch f\u00fcr Menschen mit Einschr\u00e4nkungen ein grundlegend tolles Convention-Erlebnis zu bieten und offeriert daher den Handicap Service auf der Veranstaltung. Personen<span class=\"excerpt-hellip\"> [\u2026]<\/span><\/p>\n","protected":false},"author":6,"featured_media":0,"parent":2614,"menu_order":0,"comment_status":"closed","ping_status":"closed","template":"","meta":{"footnotes":""},"yoast_head":"<!-- This site is optimized with the Yoast SEO plugin v22.5 - https:\/\/yoast.com\/wordpress\/plugins\/seo\/ -->\n<title>Menschen mit Einschr\u00e4nkungen | FEARCON<\/title>\n<meta name=\"description\" content=\"Das Team der FedCon freut sich, auch f\u00fcr Menschen mit Einschr\u00e4nkungen ein grundlegend tolles Con-Erlebnis zu bieten und offeriert daher eine Behindertenbetreuung auf der Veranstaltung.\" \/>\n<meta name=\"robots\" content=\"index, follow, max-snippet:-1, max-image-preview:large, max-video-preview:-1\" \/>\n<link rel=\"canonical\" href=\"https:\/\/www.fearcon.de\/de\/info\/menschen-mit-einschraenkungen\/\" \/>\n<meta property=\"og:locale\" content=\"de_DE\" \/>\n<meta property=\"og:type\" content=\"article\" \/>\n<meta property=\"og:title\" content=\"Menschen mit Einschr\u00e4nkungen\" \/>\n<meta property=\"og:description\" content=\"Wichtige Infos f\u00fcr den Conbesuch\" \/>\n<meta property=\"og:url\" content=\"https:\/\/www.fearcon.de\/de\/info\/menschen-mit-einschraenkungen\/\" \/>\n<meta property=\"og:site_name\" content=\"FEARCON\" \/>\n<meta property=\"article:publisher\" content=\"https:\/\/www.facebook.com\/FearCon\/\" \/>\n<meta property=\"article:modified_time\" content=\"2022-08-31T08:04:41+00:00\" \/>\n<meta name=\"twitter:card\" content=\"summary_large_image\" \/>\n<meta name=\"twitter:title\" content=\"Menschen mit Einschr\u00e4nkungen\" \/>\n<meta name=\"twitter:description\" content=\"Wichtige Infos f\u00fcr den Conbesuch\" \/>\n<meta name=\"twitter:label1\" content=\"Gesch\u00e4tzte Lesezeit\" \/>\n\t<meta name=\"twitter:data1\" content=\"1\u00a0Minute\" \/>\n<script type=\"application\/ld+json\" class=\"yoast-schema-graph\">{\"@context\":\"https:\/\/schema.org\",\"@graph\":[{\"@type\":\"WebPage\",\"@id\":\"https:\/\/www.fearcon.de\/de\/info\/menschen-mit-einschraenkungen\/\",\"url\":\"https:\/\/www.fearcon.de\/de\/info\/menschen-mit-einschraenkungen\/\",\"name\":\"Menschen mit Einschr\u00e4nkungen | FEARCON\",\"isPartOf\":{\"@id\":\"https:\/\/www.fearcon.de\/de\/#website\"},\"datePublished\":\"2018-04-06T09:58:06+00:00\",\"dateModified\":\"2022-08-31T08:04:41+00:00\",\"description\":\"Das Team der FedCon freut sich, auch f\u00fcr Menschen mit Einschr\u00e4nkungen ein grundlegend tolles Con-Erlebnis zu bieten und offeriert daher eine Behindertenbetreuung auf der Veranstaltung.\",\"breadcrumb\":{\"@id\":\"https:\/\/www.fearcon.de\/de\/info\/menschen-mit-einschraenkungen\/#breadcrumb\"},\"inLanguage\":\"de\",\"potentialAction\":[{\"@type\":\"ReadAction\",\"target\":[\"https:\/\/www.fearcon.de\/de\/info\/menschen-mit-einschraenkungen\/\"]}]},{\"@type\":\"BreadcrumbList\",\"@id\":\"https:\/\/www.fearcon.de\/de\/info\/menschen-mit-einschraenkungen\/#breadcrumb\",\"itemListElement\":[{\"@type\":\"ListItem\",\"position\":1,\"name\":\"Home\",\"item\":\"https:\/\/www.fearcon.de\/de\/\"},{\"@type\":\"ListItem\",\"position\":2,\"name\":\"Info\",\"item\":\"https:\/\/www.fearcon.de\/de\/info\/\"},{\"@type\":\"ListItem\",\"position\":3,\"name\":\"Menschen mit Einschr\u00e4nkungen\"}]},{\"@type\":\"WebSite\",\"@id\":\"https:\/\/www.fearcon.de\/de\/#website\",\"url\":\"https:\/\/www.fearcon.de\/de\/\",\"name\":\"FEARCON\",\"description\":\"Triff deine Horror Stars\",\"potentialAction\":[{\"@type\":\"SearchAction\",\"target\":{\"@type\":\"EntryPoint\",\"urlTemplate\":\"https:\/\/www.fearcon.de\/de\/?s={search_term_string}\"},\"query-input\":\"required name=search_term_string\"}],\"inLanguage\":\"de\"}]}<\/script>\n<!-- \/ Yoast SEO plugin. -->","yoast_head_json":{"title":"Menschen mit Einschr\u00e4nkungen | FEARCON","description":"Das Team der FedCon freut sich, auch f\u00fcr Menschen mit Einschr\u00e4nkungen ein grundlegend tolles Con-Erlebnis zu bieten und offeriert daher eine Behindertenbetreuung auf der Veranstaltung.","robots":{"index":"index","follow":"follow","max-snippet":"max-snippet:-1","max-image-preview":"max-image-preview:large","max-video-preview":"max-video-preview:-1"},"canonical":"https:\/\/www.fearcon.de\/de\/info\/menschen-mit-einschraenkungen\/","og_locale":"de_DE","og_type":"article","og_title":"Menschen mit Einschr\u00e4nkungen","og_description":"Wichtige Infos f\u00fcr den Conbesuch","og_url":"https:\/\/www.fearcon.de\/de\/info\/menschen-mit-einschraenkungen\/","og_site_name":"FEARCON","article_publisher":"https:\/\/www.facebook.com\/FearCon\/","article_modified_time":"2022-08-31T08:04:41+00:00","twitter_card":"summary_large_image","twitter_title":"Menschen mit Einschr\u00e4nkungen","twitter_description":"Wichtige Infos f\u00fcr den Conbesuch","twitter_misc":{"Gesch\u00e4tzte Lesezeit":"1\u00a0Minute"},"schema":{"@context":"https:\/\/schema.org","@graph":[{"@type":"WebPage","@id":"https:\/\/www.fearcon.de\/de\/info\/menschen-mit-einschraenkungen\/","url":"https:\/\/www.fearcon.de\/de\/info\/menschen-mit-einschraenkungen\/","name":"Menschen mit Einschr\u00e4nkungen | FEARCON","isPartOf":{"@id":"https:\/\/www.fearcon.de\/de\/#website"},"datePublished":"2018-04-06T09:58:06+00:00","dateModified":"2022-08-31T08:04:41+00:00","description":"Das Team der FedCon freut sich, auch f\u00fcr Menschen mit Einschr\u00e4nkungen ein grundlegend tolles Con-Erlebnis zu bieten und offeriert daher eine Behindertenbetreuung auf der Veranstaltung.","breadcrumb":{"@id":"https:\/\/www.fearcon.de\/de\/info\/menschen-mit-einschraenkungen\/#breadcrumb"},"inLanguage":"de","potentialAction":[{"@type":"ReadAction","target":["https:\/\/www.fearcon.de\/de\/info\/menschen-mit-einschraenkungen\/"]}]},{"@type":"BreadcrumbList","@id":"https:\/\/www.fearcon.de\/de\/info\/menschen-mit-einschraenkungen\/#breadcrumb","itemListElement":[{"@type":"ListItem","position":1,"name":"Home","item":"https:\/\/www.fearcon.de\/de\/"},{"@type":"ListItem","position":2,"name":"Info","item":"https:\/\/www.fearcon.de\/de\/info\/"},{"@type":"ListItem","position":3,"name":"Menschen mit Einschr\u00e4nkungen"}]},{"@type":"WebSite","@id":"https:\/\/www.fearcon.de\/de\/#website","url":"https:\/\/www.fearcon.de\/de\/","name":"FEARCON","description":"Triff deine Horror Stars","potentialAction":[{"@type":"SearchAction","target":{"@type":"EntryPoint","urlTemplate":"https:\/\/www.fearcon.de\/de\/?s={search_term_string}"},"query-input":"required name=search_term_string"}],"inLanguage":"de"}]}},"_links":{"self":[{"href":"https:\/\/www.fearcon.de\/de\/wp-json\/wp\/v2\/pages\/6044"}],"collection":[{"href":"https:\/\/www.fearcon.de\/de\/wp-json\/wp\/v2\/pages"}],"about":[{"href":"https:\/\/www.fearcon.de\/de\/wp-json\/wp\/v2\/types\/page"}],"author":[{"embeddable":true,"href":"https:\/\/www.fearcon.de\/de\/wp-json\/wp\/v2\/users\/6"}],"replies":[{"embeddable":true,"href":"https:\/\/www.fearcon.de\/de\/wp-json\/wp\/v2\/comments?post=6044"}],"version-history":[{"count":5,"href":"https:\/\/www.fearcon.de\/de\/wp-json\/wp\/v2\/pages\/6044\/revisions"}],"predecessor-version":[{"id":10328,"href":"https:\/\/www.fearcon.de\/de\/wp-json\/wp\/v2\/pages\/6044\/revisions\/10328"}],"up":[{"embeddable":true,"href":"https:\/\/www.fearcon.de\/de\/wp-json\/wp\/v2\/pages\/2614"}],"wp:attachment":[{"href":"https:\/\/www.fearcon.de\/de\/wp-json\/wp\/v2\/media?parent=6044"}],"curies":[{"name":"wp","href":"https:\/\/api.w.org\/{rel}","templated":true}]}}