{"id":947,"date":"2023-05-28T18:00:30","date_gmt":"2023-05-28T16:00:30","guid":{"rendered":"https:\/\/www.fearcon.de\/?page_id=947"},"modified":"2025-02-28T19:49:38","modified_gmt":"2025-02-28T18:49:38","slug":"home","status":"publish","type":"page","link":"https:\/\/www.fearcon.de\/de\/","title":{"rendered":"Home"},"content":{"rendered":"<p><!-- WICHTIGE HINWEISE ZUR CON - WIRD NACH DER CON EINFACH GEL\u00d6SCHT UND BEI BEDARF NEU GESCHRIEBEN - DER HINWEIS WIRD NICHT GEL\u00d6SCHT!!! --><b>Die Tickets sowie bereits verf\u00fcgbare Autogramm-, Fotosession- und &#8222;Meet&amp;Greet&#8220;-Gutscheine sind im <a href=\"\/de\/ticket-shop\/\" class=\"rc-linkint\">Ticket-Shop<\/a> erh\u00e4ltlich. Wir freuen uns darauf, dich zu einem ganz besonderen <em><strong>Horror<\/strong><\/em>-Event begr\u00fc\u00dfen zu d\u00fcrfen.<\/b><\/p>\n<p><!-- NEWSLETTER -->Registriere dich f\u00fcr den Newsletter, damit du keine der vielen tollen <a href=\"\/de\/highlights\/stargaeste\/\" class=\"rc-linkint\">Stargast-<\/a>, <a href=\"\/de\/highlights\/vortraege-und-specials\/\" class=\"rc-linkint\">Vortrags-<\/a> und <a href=\"\/de\/highlights\/workshops\/\" class=\"rc-linkint\">Workshopank\u00fcndigungen<\/a> verpasst, die hier immer wieder angek\u00fcndigt werden. Freue dich auf viele unvergessliche Highlights auf der <em><strong>FearCon 2<\/strong><\/em>.<\/p>\n","protected":false},"excerpt":{"rendered":"<p>Die Tickets sowie bereits verf\u00fcgbare Autogramm-, Fotosession- und &#8222;Meet&amp;Greet&#8220;-Gutscheine sind im erh\u00e4ltlich. Wir freuen uns darauf, dich zu einem ganz besonderen -Event begr\u00fc\u00dfen zu d\u00fcrfen. Registriere<span class=\"excerpt-hellip\"> [\u2026]<\/span><\/p>\n","protected":false},"author":1,"featured_media":0,"parent":0,"menu_order":0,"comment_status":"closed","ping_status":"closed","template":"","meta":{"footnotes":""},"yoast_head":"<!-- This site is optimized with the Yoast SEO plugin v22.5 - https:\/\/yoast.com\/wordpress\/plugins\/seo\/ -->\n<title>Home | FEARCON - Triff deine Horror Stars<\/title>\n<meta name=\"description\" content=\"FEARCON 2 - vom 25.-26.10.2025 triffst du im Maritim Hotel Bonn deine Lieblingsstars aus beliebten Horror-Serien und -Filmen. Komm an Bord!\" \/>\n<meta name=\"robots\" content=\"index, follow, max-snippet:-1, max-image-preview:large, max-video-preview:-1\" \/>\n<link rel=\"canonical\" href=\"https:\/\/www.fearcon.de\/de\/\" \/>\n<meta property=\"og:locale\" content=\"de_DE\" \/>\n<meta property=\"og:type\" content=\"article\" \/>\n<meta property=\"og:title\" content=\"Home | FEARCON - Triff deine Horror Stars\" \/>\n<meta property=\"og:description\" content=\"FEARCON 2 - vom 25.-26.10.2025 triffst du im Maritim Hotel Bonn deine Lieblingsstars aus beliebten Horror-Serien und -Filmen. Komm an Bord!\" \/>\n<meta property=\"og:url\" content=\"https:\/\/www.fearcon.de\/de\/\" \/>\n<meta property=\"og:site_name\" content=\"FEARCON\" \/>\n<meta property=\"article:publisher\" content=\"https:\/\/www.facebook.com\/FearCon\/\" \/>\n<meta property=\"article:modified_time\" content=\"2025-02-28T18:49:38+00:00\" \/>\n<meta name=\"twitter:card\" content=\"summary_large_image\" \/>\n<meta name=\"twitter:label1\" content=\"Gesch\u00e4tzte Lesezeit\" \/>\n\t<meta name=\"twitter:data1\" content=\"1\u00a0Minute\" \/>\n<script type=\"application\/ld+json\" class=\"yoast-schema-graph\">{\"@context\":\"https:\/\/schema.org\",\"@graph\":[{\"@type\":\"WebPage\",\"@id\":\"https:\/\/www.fearcon.de\/de\/\",\"url\":\"https:\/\/www.fearcon.de\/de\/\",\"name\":\"Home | FEARCON - Triff deine Horror Stars\",\"isPartOf\":{\"@id\":\"https:\/\/www.fearcon.de\/de\/#website\"},\"datePublished\":\"2023-05-28T16:00:30+00:00\",\"dateModified\":\"2025-02-28T18:49:38+00:00\",\"description\":\"FEARCON 2 - vom 25.-26.10.2025 triffst du im Maritim Hotel Bonn deine Lieblingsstars aus beliebten Horror-Serien und -Filmen. Komm an Bord!\",\"breadcrumb\":{\"@id\":\"https:\/\/www.fearcon.de\/de\/#breadcrumb\"},\"inLanguage\":\"de\",\"potentialAction\":[{\"@type\":\"ReadAction\",\"target\":[\"https:\/\/www.fearcon.de\/de\/\"]}]},{\"@type\":\"BreadcrumbList\",\"@id\":\"https:\/\/www.fearcon.de\/de\/#breadcrumb\",\"itemListElement\":[{\"@type\":\"ListItem\",\"position\":1,\"name\":\"Home\",\"item\":\"https:\/\/www.fearcon.de\/de\/\"},{\"@type\":\"ListItem\",\"position\":2,\"name\":\"Home\"}]},{\"@type\":\"WebSite\",\"@id\":\"https:\/\/www.fearcon.de\/de\/#website\",\"url\":\"https:\/\/www.fearcon.de\/de\/\",\"name\":\"FEARCON\",\"description\":\"Triff deine Horror Stars\",\"potentialAction\":[{\"@type\":\"SearchAction\",\"target\":{\"@type\":\"EntryPoint\",\"urlTemplate\":\"https:\/\/www.fearcon.de\/de\/?s={search_term_string}\"},\"query-input\":\"required name=search_term_string\"}],\"inLanguage\":\"de\"}]}<\/script>\n<!-- \/ Yoast SEO plugin. -->","yoast_head_json":{"title":"Home | FEARCON - Triff deine Horror Stars","description":"FEARCON 2 - vom 25.-26.10.2025 triffst du im Maritim Hotel Bonn deine Lieblingsstars aus beliebten Horror-Serien und -Filmen. Komm an Bord!","robots":{"index":"index","follow":"follow","max-snippet":"max-snippet:-1","max-image-preview":"max-image-preview:large","max-video-preview":"max-video-preview:-1"},"canonical":"https:\/\/www.fearcon.de\/de\/","og_locale":"de_DE","og_type":"article","og_title":"Home | FEARCON - Triff deine Horror Stars","og_description":"FEARCON 2 - vom 25.-26.10.2025 triffst du im Maritim Hotel Bonn deine Lieblingsstars aus beliebten Horror-Serien und -Filmen. Komm an Bord!","og_url":"https:\/\/www.fearcon.de\/de\/","og_site_name":"FEARCON","article_publisher":"https:\/\/www.facebook.com\/FearCon\/","article_modified_time":"2025-02-28T18:49:38+00:00","twitter_card":"summary_large_image","twitter_misc":{"Gesch\u00e4tzte Lesezeit":"1\u00a0Minute"},"schema":{"@context":"https:\/\/schema.org","@graph":[{"@type":"WebPage","@id":"https:\/\/www.fearcon.de\/de\/","url":"https:\/\/www.fearcon.de\/de\/","name":"Home | FEARCON - Triff deine Horror Stars","isPartOf":{"@id":"https:\/\/www.fearcon.de\/de\/#website"},"datePublished":"2023-05-28T16:00:30+00:00","dateModified":"2025-02-28T18:49:38+00:00","description":"FEARCON 2 - vom 25.-26.10.2025 triffst du im Maritim Hotel Bonn deine Lieblingsstars aus beliebten Horror-Serien und -Filmen. Komm an Bord!","breadcrumb":{"@id":"https:\/\/www.fearcon.de\/de\/#breadcrumb"},"inLanguage":"de","potentialAction":[{"@type":"ReadAction","target":["https:\/\/www.fearcon.de\/de\/"]}]},{"@type":"BreadcrumbList","@id":"https:\/\/www.fearcon.de\/de\/#breadcrumb","itemListElement":[{"@type":"ListItem","position":1,"name":"Home","item":"https:\/\/www.fearcon.de\/de\/"},{"@type":"ListItem","position":2,"name":"Home"}]},{"@type":"WebSite","@id":"https:\/\/www.fearcon.de\/de\/#website","url":"https:\/\/www.fearcon.de\/de\/","name":"FEARCON","description":"Triff deine Horror Stars","potentialAction":[{"@type":"SearchAction","target":{"@type":"EntryPoint","urlTemplate":"https:\/\/www.fearcon.de\/de\/?s={search_term_string}"},"query-input":"required name=search_term_string"}],"inLanguage":"de"}]}},"_links":{"self":[{"href":"https:\/\/www.fearcon.de\/de\/wp-json\/wp\/v2\/pages\/947"}],"collection":[{"href":"https:\/\/www.fearcon.de\/de\/wp-json\/wp\/v2\/pages"}],"about":[{"href":"https:\/\/www.fearcon.de\/de\/wp-json\/wp\/v2\/types\/page"}],"author":[{"embeddable":true,"href":"https:\/\/www.fearcon.de\/de\/wp-json\/wp\/v2\/users\/1"}],"replies":[{"embeddable":true,"href":"https:\/\/www.fearcon.de\/de\/wp-json\/wp\/v2\/comments?post=947"}],"version-history":[{"count":6,"href":"https:\/\/www.fearcon.de\/de\/wp-json\/wp\/v2\/pages\/947\/revisions"}],"predecessor-version":[{"id":10302,"href":"https:\/\/www.fearcon.de\/de\/wp-json\/wp\/v2\/pages\/947\/revisions\/10302"}],"wp:attachment":[{"href":"https:\/\/www.fearcon.de\/de\/wp-json\/wp\/v2\/media?parent=947"}],"curies":[{"name":"wp","href":"https:\/\/api.w.org\/{rel}","templated":true}]}}